{"id":9968,"date":"2025-03-28T09:23:39","date_gmt":"2025-03-28T08:23:39","guid":{"rendered":"https:\/\/moniberic.com\/?post_type=product&#038;p=9968"},"modified":"2025-03-31T11:32:23","modified_gmt":"2025-03-31T10:32:23","slug":"epaule-de-jambon-de-cebo-iberique-50-race-iberique-tranche-100g-copia","status":"publish","type":"product","link":"https:\/\/moniberic.com\/fr\/produit\/epaule-de-jambon-de-cebo-iberique-50-race-iberique-tranche-100g-copia\/","title":{"rendered":"\u00c9PAULE DUROC TOM\u00c1S L\u00d3PEZ 100 g"},"content":{"rendered":"<p>Enveloppe tranch\u00e9e de 100 grammes d&rsquo;\u00e9paule Tom\u00e1s L\u00f3pez Duroc.<\/p>\n<p>L&rsquo;\u00e9paule de porc Duroc provient de sp\u00e9cimens de cette race s\u00e9lectionn\u00e9e, reconnue pour son excellente infiltration de graisse intramusculaire, qui lui conf\u00e8re une texture juteuse et une saveur incomparable. Ces porcs sont \u00e9lev\u00e9s avec une alimentation \u00e9quilibr\u00e9e \u00e0 base de c\u00e9r\u00e9ales et de l\u00e9gumineuses de haute qualit\u00e9, assurant un d\u00e9veloppement optimal de la viande. <\/p>\n<p>Le r\u00e9sultat est une \u00e9paule avec un persillage caract\u00e9ristique, qui apporte douceur et onctuosit\u00e9 \u00e0 chaque tranche. Sa saveur est d\u00e9licate et l\u00e9g\u00e8rement sucr\u00e9e, avec des nuances intenses qui en font un choix id\u00e9al pour les amateurs de bon jambon. De plus, son ar\u00f4me doux et app\u00e9tissant rehausse encore l&rsquo;exp\u00e9rience gastronomique, offrant un produit exquis \u00e0 d\u00e9guster en toute occasion.  <\/p>\n<h5>Marque<\/h5>\n<p><img decoding=\"async\" class=\"alignnone size-full wp-image-1216\" src=\"https:\/\/moniberic.com\/wp-content\/uploads\/2022\/10\/LogoTL200.png\" alt=\"\" width=\"200\" height=\"87\"><\/p>\n<p>L&rsquo;une des marques les plus r\u00e9put\u00e9es de jambons et de saucisses ib\u00e9riques.<\/p>\n","protected":false},"excerpt":{"rendered":"<p>Notre <strong>\u00e9paule Tom\u00e1s L\u00f3pez Duroc<\/strong> a une texture savoureuse, \u00e9quilibr\u00e9e, onctueuse et velout\u00e9e ; il provient de porcs Duroc de premi\u00e8re qualit\u00e9.<\/p>\n","protected":false},"featured_media":10636,"template":"","meta":[],"product_brand":[],"product_cat":[493],"product_tag":[],"class_list":{"0":"post-9968","1":"product","2":"type-product","3":"status-publish","4":"has-post-thumbnail","6":"product_cat-viandes-tranchees","8":"first","9":"instock","10":"taxable","11":"shipping-taxable","12":"purchasable","13":"product-type-simple"},"_links":{"self":[{"href":"https:\/\/moniberic.com\/fr\/wp-json\/wp\/v2\/product\/9968","targetHints":{"allow":["GET"]}}],"collection":[{"href":"https:\/\/moniberic.com\/fr\/wp-json\/wp\/v2\/product"}],"about":[{"href":"https:\/\/moniberic.com\/fr\/wp-json\/wp\/v2\/types\/product"}],"wp:featuredmedia":[{"embeddable":true,"href":"https:\/\/moniberic.com\/fr\/wp-json\/wp\/v2\/media\/10636"}],"wp:attachment":[{"href":"https:\/\/moniberic.com\/fr\/wp-json\/wp\/v2\/media?parent=9968"}],"wp:term":[{"taxonomy":"product_brand","embeddable":true,"href":"https:\/\/moniberic.com\/fr\/wp-json\/wp\/v2\/product_brand?post=9968"},{"taxonomy":"product_cat","embeddable":true,"href":"https:\/\/moniberic.com\/fr\/wp-json\/wp\/v2\/product_cat?post=9968"},{"taxonomy":"product_tag","embeddable":true,"href":"https:\/\/moniberic.com\/fr\/wp-json\/wp\/v2\/product_tag?post=9968"}],"curies":[{"name":"wp","href":"https:\/\/api.w.org\/{rel}","templated":true}]}}