{"id":9692,"date":"2025-03-27T10:01:24","date_gmt":"2025-03-27T09:01:24","guid":{"rendered":"https:\/\/moniberic.com\/?post_type=product&#038;p=9692"},"modified":"2025-03-28T11:47:32","modified_gmt":"2025-03-28T10:47:32","slug":"jose-pariente-sauvingnon-copia","status":"publish","type":"product","link":"https:\/\/moniberic.com\/fr\/produit\/jose-pariente-sauvingnon-copia\/","title":{"rendered":"CAVA GRAMONA III LUSTROS"},"content":{"rendered":"<h3>D.O.P. CORPINNAT<\/h3>\n<p><strong>MAGASIN<\/strong>: Gramona<\/p>\n<p><strong>VARI\u00c9T\u00c9S<\/strong>: 70% Xarel\u00b7lo, 30% Macabeo.<\/p>\n<p><strong>D\u00c9GUSTATION<\/strong>: Sans sucres ajout\u00e9s. Couleur jaune paille aux reflets verd\u00e2tres. Au nez, il pr\u00e9sente une large palette d&rsquo;ar\u00f4mes, avec des notes marqu\u00e9es de vieillissement (fum\u00e9 et grill\u00e9), de fleurs et de noix sur un fond de beurre, de caramel au caf\u00e9 et des notes de figues s\u00e8ches. En bouche, il est doux au toucher, avec une belle entr\u00e9e de bulle, des notes de grande maturit\u00e9 et des souvenirs de &lsquo;dulce de leche&rsquo;, de pain aux pignons de pin et de viennoiseries. Il enveloppe bien la bouche, la mousse est tr\u00e8s onctueuse et le dioxyde de carbone est bien modul\u00e9.    <\/p>\n","protected":false},"excerpt":{"rendered":"<p>D.O.P. CORPINNAT MAGASIN: Gramona VARI\u00c9T\u00c9S: 70% Xarel\u00b7lo, 30% Macabeo. D\u00c9GUSTATION: Sans sucres ajout\u00e9s. Couleur jaune paille aux reflets verd\u00e2tres. Au nez, il pr\u00e9sente une large palette d&rsquo;ar\u00f4mes, avec des notes marqu\u00e9es de vieillissement (fum\u00e9 et grill\u00e9), de fleurs et de noix sur un fond de beurre, de caramel au caf\u00e9 et des notes de figues [&hellip;]<\/p>\n","protected":false},"featured_media":9696,"template":"","meta":[],"product_brand":[],"product_cat":[306],"product_tag":[],"class_list":{"0":"post-9692","1":"product","2":"type-product","3":"status-publish","4":"has-post-thumbnail","6":"product_cat-vins-et-cavas","8":"first","9":"instock","10":"taxable","11":"shipping-taxable","12":"purchasable","13":"product-type-simple"},"_links":{"self":[{"href":"https:\/\/moniberic.com\/fr\/wp-json\/wp\/v2\/product\/9692","targetHints":{"allow":["GET"]}}],"collection":[{"href":"https:\/\/moniberic.com\/fr\/wp-json\/wp\/v2\/product"}],"about":[{"href":"https:\/\/moniberic.com\/fr\/wp-json\/wp\/v2\/types\/product"}],"wp:featuredmedia":[{"embeddable":true,"href":"https:\/\/moniberic.com\/fr\/wp-json\/wp\/v2\/media\/9696"}],"wp:attachment":[{"href":"https:\/\/moniberic.com\/fr\/wp-json\/wp\/v2\/media?parent=9692"}],"wp:term":[{"taxonomy":"product_brand","embeddable":true,"href":"https:\/\/moniberic.com\/fr\/wp-json\/wp\/v2\/product_brand?post=9692"},{"taxonomy":"product_cat","embeddable":true,"href":"https:\/\/moniberic.com\/fr\/wp-json\/wp\/v2\/product_cat?post=9692"},{"taxonomy":"product_tag","embeddable":true,"href":"https:\/\/moniberic.com\/fr\/wp-json\/wp\/v2\/product_tag?post=9692"}],"curies":[{"name":"wp","href":"https:\/\/api.w.org\/{rel}","templated":true}]}}