{"id":8400,"date":"2024-08-09T11:49:42","date_gmt":"2024-08-09T10:49:42","guid":{"rendered":"https:\/\/moniberic.com\/?post_type=product&#038;p=8400"},"modified":"2025-12-17T08:45:03","modified_gmt":"2025-12-17T07:45:03","slug":"chorizo-iberique-vela","status":"publish","type":"product","link":"https:\/\/moniberic.com\/fr\/produit\/chorizo-iberique-vela\/","title":{"rendered":"CHORIZO IB\u00c9RIQUE VELA"},"content":{"rendered":"<div>\n<p class=\"Cuerpo\">Le chorizo \u200b\u200bib\u00e9rique Vela de Tom\u00e1s L\u00f3pez est \u00e9labor\u00e9 \u00e0 partir de viandes ib\u00e9riques farcies dans des boyaux naturels, avec une marinade au paprika doux. La maturation lente permet d&rsquo;obtenir un ar\u00f4me agr\u00e9able, une texture optimale et une saveur unique.<\/p>\n<p>Pr\u00e9sentation : Tranch\u00e9 en sachets de 100 grammes<\/p>\n<\/div>\n<p><strong>Marque<\/strong><\/p>\n<p><img decoding=\"async\" class=\"alignnone wp-image-1216\" src=\"https:\/\/moniberic.com\/wp-content\/uploads\/2022\/10\/LogoTL200.png\" alt=\"\" width=\"124\" height=\"54\" \/><\/p>\n","protected":false},"excerpt":{"rendered":"<p>Notre chorizo \u200b\u200bib\u00e9rique Vela Tom\u00e1s L\u00f3pez est \u00e9labor\u00e9 \u00e0 partir de viandes ib\u00e9riques.<\/p>\n","protected":false},"featured_media":11244,"template":"","meta":[],"product_brand":[],"product_cat":[493],"product_tag":[512,516,517,513,515,514],"class_list":{"0":"post-8400","1":"product","2":"type-product","3":"status-publish","4":"has-post-thumbnail","6":"product_cat-viandes-tranchees","7":"product_tag-chorizo-fr","8":"product_tag-chorizo-iberique","9":"product_tag-iberique","10":"product_tag-saucisse-iberique","11":"product_tag-saucisse-prete-a-consommer","12":"product_tag-tranchage","14":"first","15":"instock","16":"taxable","17":"shipping-taxable","18":"purchasable","19":"product-type-simple"},"_links":{"self":[{"href":"https:\/\/moniberic.com\/fr\/wp-json\/wp\/v2\/product\/8400","targetHints":{"allow":["GET"]}}],"collection":[{"href":"https:\/\/moniberic.com\/fr\/wp-json\/wp\/v2\/product"}],"about":[{"href":"https:\/\/moniberic.com\/fr\/wp-json\/wp\/v2\/types\/product"}],"wp:featuredmedia":[{"embeddable":true,"href":"https:\/\/moniberic.com\/fr\/wp-json\/wp\/v2\/media\/11244"}],"wp:attachment":[{"href":"https:\/\/moniberic.com\/fr\/wp-json\/wp\/v2\/media?parent=8400"}],"wp:term":[{"taxonomy":"product_brand","embeddable":true,"href":"https:\/\/moniberic.com\/fr\/wp-json\/wp\/v2\/product_brand?post=8400"},{"taxonomy":"product_cat","embeddable":true,"href":"https:\/\/moniberic.com\/fr\/wp-json\/wp\/v2\/product_cat?post=8400"},{"taxonomy":"product_tag","embeddable":true,"href":"https:\/\/moniberic.com\/fr\/wp-json\/wp\/v2\/product_tag?post=8400"}],"curies":[{"name":"wp","href":"https:\/\/api.w.org\/{rel}","templated":true}]}}