{"id":8193,"date":"2024-04-10T06:27:55","date_gmt":"2024-04-10T05:27:55","guid":{"rendered":"https:\/\/moniberic.com\/?post_type=product&#038;p=8193"},"modified":"2025-11-21T11:42:39","modified_gmt":"2025-11-21T10:42:39","slug":"pack-100-iberique-2-copia","status":"publish","type":"product","link":"https:\/\/moniberic.com\/fr\/produit\/pack-100-iberique-2-copia\/","title":{"rendered":"Pack de fromage 1"},"content":{"rendered":"<p>Voici une s\u00e9lection des meilleurs produits.<\/p>\n<p>Avec ce pack, vous pourrez profiter de :<\/p>\n<ul>\n<li>Fromage de brebis semi-affin\u00e9 La Antigua Queser\u00eda 250 g env.<\/li>\n<li>Morceau de fromage de brebis affin\u00e9 La Antigua Queser\u00eda 250g environ.<\/li>\n<li>Morceau de fromage de brebis artisanal La Antigua Queser\u00eda 250g environ.<\/li>\n<li>Morceau de fromage de brebis artisanal \u00e0 l&rsquo;huile d&rsquo;olive La Antigua Queser\u00eda 250g environ.<\/li>\n<li>Sachet de pain grill\u00e9 artisanal 300 g<\/li>\n<\/ul>\n<p>Marques<\/p>\n<p><img decoding=\"async\" class=\"alignnone wp-image-8119\" src=\"https:\/\/moniberic.com\/wp-content\/uploads\/2024\/04\/LA-ANTIGUA-QUESERIA.jpeg\" alt=\"\" width=\"109\" height=\"103\"><\/p>\n","protected":false},"excerpt":{"rendered":"<p>Nous vous pr\u00e9sentons notre pack ib\u00e9rique, nous avons fait une s\u00e9lection de produits de premi\u00e8re qualit\u00e9.<\/p>\n<p>&nbsp;<\/p>\n","protected":false},"featured_media":10777,"template":"","meta":[],"product_brand":[],"product_cat":[448,493],"product_tag":[482,481,450,480],"class_list":{"0":"post-8193","1":"product","2":"type-product","3":"status-publish","4":"has-post-thumbnail","6":"product_cat-packs-fr","7":"product_cat-viandes-tranchees","8":"product_tag-fromage-artisanal","9":"product_tag-fromage-brebis","10":"product_tag-pack-epargne","11":"product_tag-pack-fromage","13":"first","14":"instock","15":"taxable","16":"shipping-taxable","17":"purchasable","18":"product-type-simple"},"_links":{"self":[{"href":"https:\/\/moniberic.com\/fr\/wp-json\/wp\/v2\/product\/8193","targetHints":{"allow":["GET"]}}],"collection":[{"href":"https:\/\/moniberic.com\/fr\/wp-json\/wp\/v2\/product"}],"about":[{"href":"https:\/\/moniberic.com\/fr\/wp-json\/wp\/v2\/types\/product"}],"wp:featuredmedia":[{"embeddable":true,"href":"https:\/\/moniberic.com\/fr\/wp-json\/wp\/v2\/media\/10777"}],"wp:attachment":[{"href":"https:\/\/moniberic.com\/fr\/wp-json\/wp\/v2\/media?parent=8193"}],"wp:term":[{"taxonomy":"product_brand","embeddable":true,"href":"https:\/\/moniberic.com\/fr\/wp-json\/wp\/v2\/product_brand?post=8193"},{"taxonomy":"product_cat","embeddable":true,"href":"https:\/\/moniberic.com\/fr\/wp-json\/wp\/v2\/product_cat?post=8193"},{"taxonomy":"product_tag","embeddable":true,"href":"https:\/\/moniberic.com\/fr\/wp-json\/wp\/v2\/product_tag?post=8193"}],"curies":[{"name":"wp","href":"https:\/\/api.w.org\/{rel}","templated":true}]}}