{"id":8189,"date":"2024-04-10T06:03:26","date_gmt":"2024-04-10T05:03:26","guid":{"rendered":"https:\/\/moniberic.com\/?post_type=product&#038;p=8189"},"modified":"2025-05-05T10:21:50","modified_gmt":"2025-05-05T09:21:50","slug":"pack-100-iberique-1-copia","status":"publish","type":"product","link":"https:\/\/moniberic.com\/fr\/produit\/pack-100-iberique-1-copia\/","title":{"rendered":"Pack 100% ib\u00e9rique 2"},"content":{"rendered":"<p>Voici une s\u00e9lection des meilleurs produits.<\/p>\n<p>Avec ce pack, vous pourrez profiter de :<\/p>\n<ul>\n<li>3 paquets de \u00c9paule 100% Ib\u00e9rique nourrie au gland Tom\u00e1s L\u00f3pez 100g<\/li>\n<li>2 Paquets de longe de porc 100 % ib\u00e9rique nourri au gland Tom\u00e1s L\u00f3pez 100g<\/li>\n<li>2 Paquets de Chorizo 100% ib\u00e9rique nourri au gland Sierra Mayor 100g<\/li>\n<li>Fromage de brebis semi-affin\u00e9 La Antigua Queser\u00eda 250 g env.<\/li>\n<li>Fromage de brebis affin\u00e9 La Antigua Queser\u00eda 250 g env.<\/li>\n<li>Fromage de brebis artisanal La Antigua Queser\u00eda 250 g env.<\/li>\n<li>Sac picos camperos 300 g<\/li>\n<\/ul>\n<p>Marques<\/p>\n<p><img decoding=\"async\" class=\"alignnone wp-image-1216\" src=\"https:\/\/moniberic.com\/wp-content\/uploads\/2022\/10\/LogoTL200.png\" alt=\"\" width=\"163\" height=\"71\"><\/p>\n<p><img decoding=\"async\" class=\"alignnone wp-image-8119\" src=\"https:\/\/moniberic.com\/wp-content\/uploads\/2024\/04\/LA-ANTIGUA-QUESERIA.jpeg\" alt=\"\" width=\"109\" height=\"103\"><\/p>\n","protected":false},"excerpt":{"rendered":"<p>Nous vous pr\u00e9sentons notre pack ib\u00e9rique, nous avons fait une s\u00e9lection de produits de premi\u00e8re qualit\u00e9.<\/p>\n<p>&nbsp;<\/p>\n","protected":false},"featured_media":10656,"template":"","meta":[],"product_brand":[],"product_cat":[448,493],"product_tag":[469,468,450,449,470],"class_list":{"0":"post-8189","1":"product","2":"type-product","3":"status-publish","4":"has-post-thumbnail","6":"product_cat-packs-fr","7":"product_cat-viandes-tranchees","8":"product_tag-pack-bellota-fr","9":"product_tag-pack-bellota-100-iberico-fr","10":"product_tag-pack-epargne","11":"product_tag-pack-iberique","12":"product_tag-paleta-bellota-100-iberica-fr","14":"first","15":"instock","16":"taxable","17":"shipping-taxable","18":"purchasable","19":"product-type-simple"},"_links":{"self":[{"href":"https:\/\/moniberic.com\/fr\/wp-json\/wp\/v2\/product\/8189","targetHints":{"allow":["GET"]}}],"collection":[{"href":"https:\/\/moniberic.com\/fr\/wp-json\/wp\/v2\/product"}],"about":[{"href":"https:\/\/moniberic.com\/fr\/wp-json\/wp\/v2\/types\/product"}],"wp:featuredmedia":[{"embeddable":true,"href":"https:\/\/moniberic.com\/fr\/wp-json\/wp\/v2\/media\/10656"}],"wp:attachment":[{"href":"https:\/\/moniberic.com\/fr\/wp-json\/wp\/v2\/media?parent=8189"}],"wp:term":[{"taxonomy":"product_brand","embeddable":true,"href":"https:\/\/moniberic.com\/fr\/wp-json\/wp\/v2\/product_brand?post=8189"},{"taxonomy":"product_cat","embeddable":true,"href":"https:\/\/moniberic.com\/fr\/wp-json\/wp\/v2\/product_cat?post=8189"},{"taxonomy":"product_tag","embeddable":true,"href":"https:\/\/moniberic.com\/fr\/wp-json\/wp\/v2\/product_tag?post=8189"}],"curies":[{"name":"wp","href":"https:\/\/api.w.org\/{rel}","templated":true}]}}