{"id":8137,"date":"2024-04-05T06:29:12","date_gmt":"2024-04-05T05:29:12","guid":{"rendered":"https:\/\/moniberic.com\/?post_type=product&#038;p=8137"},"modified":"2025-05-05T10:31:41","modified_gmt":"2025-05-05T09:31:41","slug":"pack-iberique-1-copia-2","status":"publish","type":"product","link":"https:\/\/moniberic.com\/fr\/produit\/pack-iberique-1-copia-2\/","title":{"rendered":"Pack ib\u00e9rique 2"},"content":{"rendered":"<p>Voici une s\u00e9lection des meilleurs produits.<\/p>\n<p>Avec ce pack, vous pourrez profiter de :<\/p>\n<ul>\n<li>2 Paquets \u00c9paule de Cebo Ib\u00e9rico Ib\u00e9rique Tom\u00e1s L\u00f3pez 100g<\/li>\n<li>2 Paquets de longe de porc ib\u00e9rique de Cebo de Campo Tom\u00e1s L\u00f3pez 100g<\/li>\n<li>Paquet de Longaniza de Pay\u00e9s Tom\u00e1s L\u00f3pez 100g<\/li>\n<li>Paquet de Chorizo Ib\u00e9rique Vela Tom\u00e1s L\u00f3pez 100g<\/li>\n<li>Fromage de brebis semi-affin\u00e9 La Antigua Queser\u00eda 250 g env.<\/li>\n<li>Sac picos camperos 300 g<\/li>\n<\/ul>\n<p>Marques<\/p>\n<p><img decoding=\"async\" class=\"alignnone wp-image-1216\" src=\"https:\/\/moniberic.com\/wp-content\/uploads\/2022\/10\/LogoTL200.png\" alt=\"\" width=\"163\" height=\"71\"><\/p>\n<p><img decoding=\"async\" class=\"alignnone wp-image-8119\" src=\"https:\/\/moniberic.com\/wp-content\/uploads\/2024\/04\/LA-ANTIGUA-QUESERIA.jpeg\" alt=\"\" width=\"80\" height=\"75\"><\/p>\n","protected":false},"excerpt":{"rendered":"<p>Nous vous pr\u00e9sentons notre pack ib\u00e9rique, nous avons fait une s\u00e9lection de produits de premi\u00e8re qualit\u00e9.<\/p>\n<p>&nbsp;<\/p>\n","protected":false},"featured_media":10686,"template":"","meta":[],"product_brand":[],"product_cat":[448,493],"product_tag":[450,449],"class_list":{"0":"post-8137","1":"product","2":"type-product","3":"status-publish","4":"has-post-thumbnail","6":"product_cat-packs-fr","7":"product_cat-viandes-tranchees","8":"product_tag-pack-epargne","9":"product_tag-pack-iberique","11":"first","12":"instock","13":"taxable","14":"shipping-taxable","15":"purchasable","16":"product-type-simple"},"_links":{"self":[{"href":"https:\/\/moniberic.com\/fr\/wp-json\/wp\/v2\/product\/8137","targetHints":{"allow":["GET"]}}],"collection":[{"href":"https:\/\/moniberic.com\/fr\/wp-json\/wp\/v2\/product"}],"about":[{"href":"https:\/\/moniberic.com\/fr\/wp-json\/wp\/v2\/types\/product"}],"wp:featuredmedia":[{"embeddable":true,"href":"https:\/\/moniberic.com\/fr\/wp-json\/wp\/v2\/media\/10686"}],"wp:attachment":[{"href":"https:\/\/moniberic.com\/fr\/wp-json\/wp\/v2\/media?parent=8137"}],"wp:term":[{"taxonomy":"product_brand","embeddable":true,"href":"https:\/\/moniberic.com\/fr\/wp-json\/wp\/v2\/product_brand?post=8137"},{"taxonomy":"product_cat","embeddable":true,"href":"https:\/\/moniberic.com\/fr\/wp-json\/wp\/v2\/product_cat?post=8137"},{"taxonomy":"product_tag","embeddable":true,"href":"https:\/\/moniberic.com\/fr\/wp-json\/wp\/v2\/product_tag?post=8137"}],"curies":[{"name":"wp","href":"https:\/\/api.w.org\/{rel}","templated":true}]}}