{"id":7898,"date":"2024-02-20T13:51:45","date_gmt":"2024-02-20T12:51:45","guid":{"rendered":"https:\/\/moniberic.com\/?post_type=product&#038;p=7898"},"modified":"2025-07-07T08:53:36","modified_gmt":"2025-07-07T07:53:36","slug":"epaule-iberique-de-cebo-de-campo-50-race-iberique-tomas-lopez-100-g","status":"publish","type":"product","link":"https:\/\/moniberic.com\/fr\/produit\/epaule-iberique-de-cebo-de-campo-50-race-iberique-tomas-lopez-100-g\/","title":{"rendered":"\u00c9PAULE IB\u00c9RIQUE DE CEBO DE CAMPO 50 % RACE IB\u00c9RIQUE TOM\u00c1S L\u00d3PEZ 100 g"},"content":{"rendered":"<p>Paquet de 100 grammes de Cebo de Campo ib\u00e9rique \u00e9paule Tom\u00e1s L\u00f3pez<\/p>\n<p>Notre \u00c9paule de Cebo de Campo Ib\u00e9rique provient de porcs ib\u00e9riques de grande qualit\u00e9. Ces animaux sont \u00e9lev\u00e9s en plein air , o\u00f9 ils peuvent pa\u00eetre et se d\u00e9penser. Cela favorise l&rsquo;infiltration de la graisse dans la viande maigre, ce qui rend la viande plus juteuse. Leur alimentation est bas\u00e9e sur des p\u00e2turages naturels et compl\u00e9t\u00e9e par des c\u00e9r\u00e9ales de premi\u00e8re qualit\u00e9.<\/p>\n<p>On obtient ainsi une palette vein\u00e9e au go\u00fbt enveloppant, structur\u00e9e, savoureuse, \u00e0 la couleur intense et brillante. Ces caract\u00e9ristiques, associ\u00e9es \u00e0 un ar\u00f4me exceptionnel, font de ce produit une merveille pour tous nos sens.<\/p>\n<h5>Marque<\/h5>\n<p><img decoding=\"async\" class=\"alignnone size-full wp-image-1216\" src=\"https:\/\/moniberic.com\/wp-content\/uploads\/2022\/10\/LogoTL200.png\" alt=\"\" width=\"200\" height=\"87\"><\/p>\n<p>L&rsquo;une des marques les plus r\u00e9put\u00e9es de jambons et de saucisses ib\u00e9riques.<\/p>\n","protected":false},"excerpt":{"rendered":"<p><img fetchpriority=\"high\" decoding=\"async\" class=\"size-full wp-image-1059 aligncenter\" src=\"https:\/\/moniberic.com\/wp-content\/uploads\/2022\/11\/p-campo-50.png\" alt=\"\" width=\"500\" height=\"101\" srcset=\"https:\/\/moniberic.com\/wp-content\/uploads\/2022\/11\/p-campo-50.png 500w, https:\/\/moniberic.com\/wp-content\/uploads\/2022\/11\/p-campo-50-300x61.png 300w\" sizes=\"(max-width: 500px) 100vw, 500px\" \/><\/p>\n<p>Notre <strong>\u00c9paule de Cebo de Campo Ib\u00e9rique<\/strong> provient de porcs ib\u00e9riques de grande qualit\u00e9 Ces animaux sont \u00e9lev\u00e9s en plein air , o\u00f9 ils peuvent pa\u00eetre et se d\u00e9penser. Cela favorise l&rsquo;infiltration de la graisse dans la viande maigre, ce qui rend la viande plus juteuse. Leur alimentation est bas\u00e9e sur des p\u00e2turages naturels et compl\u00e9t\u00e9e par des c\u00e9r\u00e9ales de premi\u00e8re qualit\u00e9.<\/p>\n","protected":false},"featured_media":11224,"template":"","meta":[],"product_brand":[],"product_cat":[493],"product_tag":[],"class_list":{"0":"post-7898","1":"product","2":"type-product","3":"status-publish","4":"has-post-thumbnail","6":"product_cat-viandes-tranchees","8":"first","9":"instock","10":"taxable","11":"shipping-taxable","12":"purchasable","13":"product-type-simple"},"_links":{"self":[{"href":"https:\/\/moniberic.com\/fr\/wp-json\/wp\/v2\/product\/7898","targetHints":{"allow":["GET"]}}],"collection":[{"href":"https:\/\/moniberic.com\/fr\/wp-json\/wp\/v2\/product"}],"about":[{"href":"https:\/\/moniberic.com\/fr\/wp-json\/wp\/v2\/types\/product"}],"wp:featuredmedia":[{"embeddable":true,"href":"https:\/\/moniberic.com\/fr\/wp-json\/wp\/v2\/media\/11224"}],"wp:attachment":[{"href":"https:\/\/moniberic.com\/fr\/wp-json\/wp\/v2\/media?parent=7898"}],"wp:term":[{"taxonomy":"product_brand","embeddable":true,"href":"https:\/\/moniberic.com\/fr\/wp-json\/wp\/v2\/product_brand?post=7898"},{"taxonomy":"product_cat","embeddable":true,"href":"https:\/\/moniberic.com\/fr\/wp-json\/wp\/v2\/product_cat?post=7898"},{"taxonomy":"product_tag","embeddable":true,"href":"https:\/\/moniberic.com\/fr\/wp-json\/wp\/v2\/product_tag?post=7898"}],"curies":[{"name":"wp","href":"https:\/\/api.w.org\/{rel}","templated":true}]}}