{"id":7643,"date":"2022-11-09T15:32:37","date_gmt":"2022-11-09T15:32:37","guid":{"rendered":"https:\/\/moniberic.com\/?post_type=product&#038;p=7643"},"modified":"2025-11-25T08:25:52","modified_gmt":"2025-11-25T07:25:52","slug":"lot-de-noel-lj4","status":"publish","type":"product","link":"https:\/\/moniberic.com\/fr\/produit\/lot-de-noel-lj4\/","title":{"rendered":"LOT DE NO\u00cbL LJ4"},"content":{"rendered":"","protected":false},"excerpt":{"rendered":"<p>Dans notre gamme d&rsquo;articles, vous pouvez acheter des packs comme celui que nous vous pr\u00e9sentons ci-dessous avec un large assortiment de produits.<\/p>\n<ul>\n<li>1 \u00e9paule ib\u00e9rique de gland Tom\u00e1s L\u00f3pez 5 kg. environ<\/li>\n<li>1 saucisse Tom\u00e1s L\u00f3pez 270g<\/li>\n<li>1 Saucisson ib\u00e9rique Vela 270 g<\/li>\n<li>1 chorizo \u200b\u200bvela ib\u00e9rique 270 g<\/li>\n<li>1 morceau de fromage de brebis semi-affin\u00e9 AQ 250 grs. environ<\/li>\n<li>1 morceau de fromage de brebis affin\u00e9 AQ 250 grs. environ<\/li>\n<li>1 vin rouge Figuero 12<\/li>\n<li>1 Cava Vilarnau Brut Reserva<\/li>\n<li>Lot de 4 nougats Torrons Vicens<\/li>\n<li>Les sommets du pays<\/li>\n<\/ul>\n<p>Pr\u00e9sent\u00e9 dans une bo\u00eete en carton.<\/p>\n<p>* En cas de rupture de stock d&rsquo;un produit, celui-ci sera \u00e9chang\u00e9 contre un produit \u00e9gal ou sup\u00e9rieur.<\/p>\n","protected":false},"featured_media":12270,"template":"","meta":[],"product_brand":[],"product_cat":[415],"product_tag":[568,567],"class_list":{"0":"post-7643","1":"product","2":"type-product","3":"status-publish","4":"has-post-thumbnail","6":"product_cat-lots-de-noel","7":"product_tag-cadeaux-de-noel","8":"product_tag-lots-de-noel","10":"first","11":"instock","12":"taxable","13":"shipping-taxable","14":"purchasable","15":"product-type-simple"},"_links":{"self":[{"href":"https:\/\/moniberic.com\/fr\/wp-json\/wp\/v2\/product\/7643","targetHints":{"allow":["GET"]}}],"collection":[{"href":"https:\/\/moniberic.com\/fr\/wp-json\/wp\/v2\/product"}],"about":[{"href":"https:\/\/moniberic.com\/fr\/wp-json\/wp\/v2\/types\/product"}],"wp:featuredmedia":[{"embeddable":true,"href":"https:\/\/moniberic.com\/fr\/wp-json\/wp\/v2\/media\/12270"}],"wp:attachment":[{"href":"https:\/\/moniberic.com\/fr\/wp-json\/wp\/v2\/media?parent=7643"}],"wp:term":[{"taxonomy":"product_brand","embeddable":true,"href":"https:\/\/moniberic.com\/fr\/wp-json\/wp\/v2\/product_brand?post=7643"},{"taxonomy":"product_cat","embeddable":true,"href":"https:\/\/moniberic.com\/fr\/wp-json\/wp\/v2\/product_cat?post=7643"},{"taxonomy":"product_tag","embeddable":true,"href":"https:\/\/moniberic.com\/fr\/wp-json\/wp\/v2\/product_tag?post=7643"}],"curies":[{"name":"wp","href":"https:\/\/api.w.org\/{rel}","templated":true}]}}