{"id":7632,"date":"2022-11-09T15:20:18","date_gmt":"2022-11-09T15:20:18","guid":{"rendered":"https:\/\/moniberic.com\/?post_type=product&#038;p=7632"},"modified":"2025-11-25T08:25:43","modified_gmt":"2025-11-25T07:25:43","slug":"lot-de-noel-lj1","status":"publish","type":"product","link":"https:\/\/moniberic.com\/fr\/produit\/lot-de-noel-lj1\/","title":{"rendered":"LOT DE NO\u00cbL LJ1"},"content":{"rendered":"","protected":false},"excerpt":{"rendered":"<div id=\"short_description_block\">\n<div id=\"short_description_content\" class=\"rte align_justify\">\n<p>Dans notre gamme d&rsquo;articles, vous pouvez acheter des packs comme celui que nous vous pr\u00e9sentons ci-dessous avec un large assortiment de produits.<\/p>\n<ul>\n<li>1 \u00c9paule d&rsquo;Argent Tom\u00e1s L\u00f3pez 5,25 Kg environ.<\/li>\n<li>1 saucisse Tom\u00e1s L\u00f3pez 250 g<\/li>\n<li>1 Saucisson ib\u00e9rique Vela 270 g<\/li>\n<li>1 chorizo \u200b\u200bvela ib\u00e9rique 270 g<\/li>\n<li>1 morceau de fromage de brebis semi-affin\u00e9 AQ 250 grs. environ<\/li>\n<li>1 morceau de fromage de brebis affin\u00e9 AQ 250 grs. environ<\/li>\n<li>1 sac de sommets de campagne<\/li>\n<li>1 vin rouge Valviejo Tempranillo<\/li>\n<li>1 Cava Roger de Flor<\/li>\n<\/ul>\n<p>Pr\u00e9sent\u00e9 dans une bo\u00eete en carton.<\/p>\n<p>*En cas de rupture de stock d&rsquo;un produit, celui-ci sera \u00e9chang\u00e9 contre un produit \u00e9gal ou sup\u00e9rieur.<\/p>\n<\/div>\n<\/div>\n","protected":false},"featured_media":12262,"template":"","meta":[],"product_brand":[],"product_cat":[415],"product_tag":[663,664,661,662],"class_list":{"0":"post-7632","1":"product","2":"type-product","3":"status-publish","4":"has-post-thumbnail","6":"product_cat-lots-de-noel","7":"product_tag-cadeaux","8":"product_tag-epaule-de-jambon","9":"product_tag-lots","10":"product_tag-noel","12":"first","13":"instock","14":"taxable","15":"shipping-taxable","16":"purchasable","17":"product-type-simple"},"_links":{"self":[{"href":"https:\/\/moniberic.com\/fr\/wp-json\/wp\/v2\/product\/7632","targetHints":{"allow":["GET"]}}],"collection":[{"href":"https:\/\/moniberic.com\/fr\/wp-json\/wp\/v2\/product"}],"about":[{"href":"https:\/\/moniberic.com\/fr\/wp-json\/wp\/v2\/types\/product"}],"wp:featuredmedia":[{"embeddable":true,"href":"https:\/\/moniberic.com\/fr\/wp-json\/wp\/v2\/media\/12262"}],"wp:attachment":[{"href":"https:\/\/moniberic.com\/fr\/wp-json\/wp\/v2\/media?parent=7632"}],"wp:term":[{"taxonomy":"product_brand","embeddable":true,"href":"https:\/\/moniberic.com\/fr\/wp-json\/wp\/v2\/product_brand?post=7632"},{"taxonomy":"product_cat","embeddable":true,"href":"https:\/\/moniberic.com\/fr\/wp-json\/wp\/v2\/product_cat?post=7632"},{"taxonomy":"product_tag","embeddable":true,"href":"https:\/\/moniberic.com\/fr\/wp-json\/wp\/v2\/product_tag?post=7632"}],"curies":[{"name":"wp","href":"https:\/\/api.w.org\/{rel}","templated":true}]}}