{"id":5122,"date":"2023-09-27T06:20:19","date_gmt":"2023-09-27T05:20:19","guid":{"rendered":"https:\/\/moniberic.com\/producto\/couteau-a-desosser\/"},"modified":"2023-09-27T06:20:19","modified_gmt":"2023-09-27T05:20:19","slug":"couteau-desosser","status":"publish","type":"product","link":"https:\/\/moniberic.com\/fr\/produit\/couteau-desosser\/","title":{"rendered":"COUTEAU \u00c0 D\u00c9SOSSER"},"content":{"rendered":"<p>Couteau \u00e0 d\u00e9sosser, \u00e9galement connu sous le nom de \u00ab\u00a0puntilla\u00a0\u00bb, dans un design de coupe classique<\/p>\n","protected":false},"excerpt":{"rendered":"<p>Acier inoxydable exclusif pour de hautes performances et une grande durabilit\u00e9.<\/p>\n<p>Poign\u00e9e con\u00e7ue pour un usage quotidien sans perdre le design, o\u00f9 les lignes droites pr\u00e9dominent avec de grands contrastes formels et de couleurs.<\/p>\n<p>Les poign\u00e9es sont en polyoxym\u00e9thyl\u00e8ne, tr\u00e8s r\u00e9sistant et ind\u00e9formable aux temp\u00e9ratures extr\u00eames (de -40\u00baC \u00e0 150\u00baC).<\/p>\n<p>Rivets \u00e0 rainure et languette en acier inoxydable \u00e0 haute r\u00e9sistance.<\/p>\n","protected":false},"featured_media":5077,"template":"","meta":[],"product_brand":[],"product_cat":[319],"product_tag":[],"class_list":{"0":"post-5122","1":"product","2":"type-product","3":"status-publish","4":"has-post-thumbnail","6":"product_cat-accessoires","8":"first","9":"instock","10":"taxable","11":"shipping-taxable","12":"purchasable","13":"product-type-simple"},"_links":{"self":[{"href":"https:\/\/moniberic.com\/fr\/wp-json\/wp\/v2\/product\/5122","targetHints":{"allow":["GET"]}}],"collection":[{"href":"https:\/\/moniberic.com\/fr\/wp-json\/wp\/v2\/product"}],"about":[{"href":"https:\/\/moniberic.com\/fr\/wp-json\/wp\/v2\/types\/product"}],"wp:featuredmedia":[{"embeddable":true,"href":"https:\/\/moniberic.com\/fr\/wp-json\/wp\/v2\/media\/5077"}],"wp:attachment":[{"href":"https:\/\/moniberic.com\/fr\/wp-json\/wp\/v2\/media?parent=5122"}],"wp:term":[{"taxonomy":"product_brand","embeddable":true,"href":"https:\/\/moniberic.com\/fr\/wp-json\/wp\/v2\/product_brand?post=5122"},{"taxonomy":"product_cat","embeddable":true,"href":"https:\/\/moniberic.com\/fr\/wp-json\/wp\/v2\/product_cat?post=5122"},{"taxonomy":"product_tag","embeddable":true,"href":"https:\/\/moniberic.com\/fr\/wp-json\/wp\/v2\/product_tag?post=5122"}],"curies":[{"name":"wp","href":"https:\/\/api.w.org\/{rel}","templated":true}]}}