{"id":5110,"date":"2023-09-18T10:18:28","date_gmt":"2023-09-18T09:18:28","guid":{"rendered":"https:\/\/moniberic.com\/?post_type=product&#038;p=5110"},"modified":"2025-04-10T09:11:49","modified_gmt":"2025-04-10T08:11:49","slug":"couteau-professionnel-a-jambon","status":"publish","type":"product","link":"https:\/\/moniberic.com\/fr\/produit\/couteau-professionnel-a-jambon\/","title":{"rendered":"COUTEAU PROFESSIONNEL \u00c0 JAMBON"},"content":{"rendered":"<p>Les poign\u00e9es sont en polyoxym\u00e9thyl\u00e8ne (POM), tr\u00e8s r\u00e9sistant et ind\u00e9formable \u00e0 des temp\u00e9ratures extr\u00eames (de -40\u00baC \u00e0 150\u00baC).<\/p>\n<p>Rivets \u00e0 rainure et languette en acier inoxydable \u00e0 haute r\u00e9sistance.<\/p>\n","protected":false},"excerpt":{"rendered":"<p>Couteau design \u00e0 la coupe classique con\u00e7u pour un usage quotidien.<\/p>\n<p>Acier inoxydable exclusif pour de hautes performances et une grande durabilit\u00e9.<\/p>\n<p>Poign\u00e9e con\u00e7ue pour un usage professionnel quotidien sans perdre le design, o\u00f9 les lignes droites pr\u00e9dominent avec de grands contrastes formels et de couleurs.<\/p>\n","protected":false},"featured_media":5106,"template":"","meta":[],"product_brand":[],"product_cat":[319],"product_tag":[],"class_list":{"0":"post-5110","1":"product","2":"type-product","3":"status-publish","4":"has-post-thumbnail","6":"product_cat-accessoires","8":"first","9":"instock","10":"taxable","11":"shipping-taxable","12":"purchasable","13":"product-type-simple"},"_links":{"self":[{"href":"https:\/\/moniberic.com\/fr\/wp-json\/wp\/v2\/product\/5110","targetHints":{"allow":["GET"]}}],"collection":[{"href":"https:\/\/moniberic.com\/fr\/wp-json\/wp\/v2\/product"}],"about":[{"href":"https:\/\/moniberic.com\/fr\/wp-json\/wp\/v2\/types\/product"}],"wp:featuredmedia":[{"embeddable":true,"href":"https:\/\/moniberic.com\/fr\/wp-json\/wp\/v2\/media\/5106"}],"wp:attachment":[{"href":"https:\/\/moniberic.com\/fr\/wp-json\/wp\/v2\/media?parent=5110"}],"wp:term":[{"taxonomy":"product_brand","embeddable":true,"href":"https:\/\/moniberic.com\/fr\/wp-json\/wp\/v2\/product_brand?post=5110"},{"taxonomy":"product_cat","embeddable":true,"href":"https:\/\/moniberic.com\/fr\/wp-json\/wp\/v2\/product_cat?post=5110"},{"taxonomy":"product_tag","embeddable":true,"href":"https:\/\/moniberic.com\/fr\/wp-json\/wp\/v2\/product_tag?post=5110"}],"curies":[{"name":"wp","href":"https:\/\/api.w.org\/{rel}","templated":true}]}}