{"id":5097,"date":"2023-09-18T10:19:22","date_gmt":"2023-09-18T09:19:22","guid":{"rendered":"https:\/\/moniberic.com\/?post_type=product&#038;p=5097"},"modified":"2025-04-10T09:11:32","modified_gmt":"2025-04-10T08:11:32","slug":"pince","status":"publish","type":"product","link":"https:\/\/moniberic.com\/fr\/produit\/pince\/","title":{"rendered":"Pince"},"content":{"rendered":"<p>Pince \u00e0 \u00e9piler professionnelle ARCOS.<\/p>\n<p>&nbsp;<\/p>\n","protected":false},"excerpt":{"rendered":"<p>Les pinces \u00e0 jambon professionnelles Arcos ont un design sp\u00e9cial, car leur objectif est tr\u00e8s sp\u00e9cifique : maintenir l&rsquo;hygi\u00e8ne et donner une touche plus professionnelle \u00e0 la d\u00e9coupe du jambon.<\/p>\n<p>La lame est en acier inoxydable, tr\u00e8s r\u00e9sistante et hygi\u00e9nique.<\/p>\n","protected":false},"featured_media":5089,"template":"","meta":[],"product_brand":[],"product_cat":[319],"product_tag":[320,321],"class_list":{"0":"post-5097","1":"product","2":"type-product","3":"status-publish","4":"has-post-thumbnail","6":"product_cat-accessoires","7":"product_tag-accessoires","8":"product_tag-tranchage-du-jambon","10":"first","11":"instock","12":"taxable","13":"shipping-taxable","14":"purchasable","15":"product-type-simple"},"_links":{"self":[{"href":"https:\/\/moniberic.com\/fr\/wp-json\/wp\/v2\/product\/5097","targetHints":{"allow":["GET"]}}],"collection":[{"href":"https:\/\/moniberic.com\/fr\/wp-json\/wp\/v2\/product"}],"about":[{"href":"https:\/\/moniberic.com\/fr\/wp-json\/wp\/v2\/types\/product"}],"wp:featuredmedia":[{"embeddable":true,"href":"https:\/\/moniberic.com\/fr\/wp-json\/wp\/v2\/media\/5089"}],"wp:attachment":[{"href":"https:\/\/moniberic.com\/fr\/wp-json\/wp\/v2\/media?parent=5097"}],"wp:term":[{"taxonomy":"product_brand","embeddable":true,"href":"https:\/\/moniberic.com\/fr\/wp-json\/wp\/v2\/product_brand?post=5097"},{"taxonomy":"product_cat","embeddable":true,"href":"https:\/\/moniberic.com\/fr\/wp-json\/wp\/v2\/product_cat?post=5097"},{"taxonomy":"product_tag","embeddable":true,"href":"https:\/\/moniberic.com\/fr\/wp-json\/wp\/v2\/product_tag?post=5097"}],"curies":[{"name":"wp","href":"https:\/\/api.w.org\/{rel}","templated":true}]}}