{"id":4975,"date":"2022-11-15T16:25:37","date_gmt":"2022-11-15T15:25:37","guid":{"rendered":"https:\/\/moniberic.com\/producto\/camins-del-priorat\/"},"modified":"2025-03-31T07:15:25","modified_gmt":"2025-03-31T06:15:25","slug":"camins-del-priorat","status":"publish","type":"product","link":"https:\/\/moniberic.com\/fr\/produit\/camins-del-priorat\/","title":{"rendered":"CAMINS DEL PRIORAT"},"content":{"rendered":"<h3>D.O. <strong>PRIORAT<\/strong><\/h3>\n<p><strong>CAVE<\/strong>: Alvaro Palacios<\/p>\n<p><strong>C\u00c9PAGES<\/strong>: Cari\u00f1ena, Garnacha, Cabernet Sauvignon y Syrah.<\/p>\n<p><strong>VEILLISSEMENT<\/strong>: 8 mois en f\u00fbts de ch\u00eane fran\u00e7ais et en cuves.<\/p>\n<p><strong>D\u00c9GUSTATION<\/strong> : Dans le verre, les ar\u00f4mes de peau de fruits m\u00fbrs, de fruits juteux et de melon d&rsquo;eau se distinguent. A leurs c\u00f4t\u00e9s, des notes florales, notamment des roses et des \u0153illets. En bouche, il est accessible, velout\u00e9 et fruit\u00e9, avec des notes de m\u00fbres et de cassis.<\/p>\n","protected":false},"excerpt":{"rendered":"<p>D.O. PRIORAT CAVE: Alvaro Palacios C\u00c9PAGES: Cari\u00f1ena, Garnacha, Cabernet Sauvignon y Syrah. VEILLISSEMENT: 8 mois en f\u00fbts de ch\u00eane fran\u00e7ais et en cuves. D\u00c9GUSTATION : Dans le verre, les ar\u00f4mes de peau de fruits m\u00fbrs, de fruits juteux et de melon d&rsquo;eau se distinguent. A leurs c\u00f4t\u00e9s, des notes florales, notamment des roses et des [&hellip;]<\/p>\n","protected":false},"featured_media":4373,"template":"","meta":[],"product_brand":[],"product_cat":[306],"product_tag":[],"class_list":{"0":"post-4975","1":"product","2":"type-product","3":"status-publish","4":"has-post-thumbnail","6":"product_cat-vins-et-cavas","8":"first","9":"instock","10":"taxable","11":"shipping-taxable","12":"purchasable","13":"product-type-simple"},"_links":{"self":[{"href":"https:\/\/moniberic.com\/fr\/wp-json\/wp\/v2\/product\/4975","targetHints":{"allow":["GET"]}}],"collection":[{"href":"https:\/\/moniberic.com\/fr\/wp-json\/wp\/v2\/product"}],"about":[{"href":"https:\/\/moniberic.com\/fr\/wp-json\/wp\/v2\/types\/product"}],"wp:featuredmedia":[{"embeddable":true,"href":"https:\/\/moniberic.com\/fr\/wp-json\/wp\/v2\/media\/4373"}],"wp:attachment":[{"href":"https:\/\/moniberic.com\/fr\/wp-json\/wp\/v2\/media?parent=4975"}],"wp:term":[{"taxonomy":"product_brand","embeddable":true,"href":"https:\/\/moniberic.com\/fr\/wp-json\/wp\/v2\/product_brand?post=4975"},{"taxonomy":"product_cat","embeddable":true,"href":"https:\/\/moniberic.com\/fr\/wp-json\/wp\/v2\/product_cat?post=4975"},{"taxonomy":"product_tag","embeddable":true,"href":"https:\/\/moniberic.com\/fr\/wp-json\/wp\/v2\/product_tag?post=4975"}],"curies":[{"name":"wp","href":"https:\/\/api.w.org\/{rel}","templated":true}]}}