{"id":4974,"date":"2022-11-15T16:17:03","date_gmt":"2022-11-15T15:17:03","guid":{"rendered":"https:\/\/moniberic.com\/producto\/el-recio\/"},"modified":"2025-03-31T07:18:07","modified_gmt":"2025-03-31T06:18:07","slug":"el-recio","status":"publish","type":"product","link":"https:\/\/moniberic.com\/fr\/produit\/el-recio\/","title":{"rendered":"EL RECIO"},"content":{"rendered":"<h3>D.O. TORO<\/h3>\n<p><strong>CAVE<\/strong>: Bodegas Matsu<\/p>\n<p><strong>C\u00c9PAGES<\/strong>: Tinta de Toro<\/p>\n<p><strong>VEILLISSEMENT<\/strong>: 14 mois<\/p>\n<p><strong>D\u00c9GUSTATION<\/strong> : Couleur rouge cerise. Ar\u00f4mes de chocolat, de vanille et de fruits noi La bouche est onctueuse, ronde et soyeuse. Notes fruit\u00e9es et min\u00e9rales.<\/p>\n","protected":false},"excerpt":{"rendered":"<p>D.O. TORO CAVE: Bodegas Matsu C\u00c9PAGES: Tinta de Toro VEILLISSEMENT: 14 mois D\u00c9GUSTATION : Couleur rouge cerise. Ar\u00f4mes de chocolat, de vanille et de fruits noi La bouche est onctueuse, ronde et soyeuse. Notes fruit\u00e9es et min\u00e9rales.<\/p>\n","protected":false},"featured_media":4371,"template":"","meta":[],"product_brand":[],"product_cat":[306],"product_tag":[],"class_list":{"0":"post-4974","1":"product","2":"type-product","3":"status-publish","4":"has-post-thumbnail","6":"product_cat-vins-et-cavas","8":"first","9":"outofstock","10":"taxable","11":"shipping-taxable","12":"purchasable","13":"product-type-simple"},"_links":{"self":[{"href":"https:\/\/moniberic.com\/fr\/wp-json\/wp\/v2\/product\/4974","targetHints":{"allow":["GET"]}}],"collection":[{"href":"https:\/\/moniberic.com\/fr\/wp-json\/wp\/v2\/product"}],"about":[{"href":"https:\/\/moniberic.com\/fr\/wp-json\/wp\/v2\/types\/product"}],"wp:featuredmedia":[{"embeddable":true,"href":"https:\/\/moniberic.com\/fr\/wp-json\/wp\/v2\/media\/4371"}],"wp:attachment":[{"href":"https:\/\/moniberic.com\/fr\/wp-json\/wp\/v2\/media?parent=4974"}],"wp:term":[{"taxonomy":"product_brand","embeddable":true,"href":"https:\/\/moniberic.com\/fr\/wp-json\/wp\/v2\/product_brand?post=4974"},{"taxonomy":"product_cat","embeddable":true,"href":"https:\/\/moniberic.com\/fr\/wp-json\/wp\/v2\/product_cat?post=4974"},{"taxonomy":"product_tag","embeddable":true,"href":"https:\/\/moniberic.com\/fr\/wp-json\/wp\/v2\/product_tag?post=4974"}],"curies":[{"name":"wp","href":"https:\/\/api.w.org\/{rel}","templated":true}]}}