{"id":4973,"date":"2022-11-15T16:10:37","date_gmt":"2022-11-15T15:10:37","guid":{"rendered":"https:\/\/moniberic.com\/producto\/gr-174\/"},"modified":"2023-08-08T13:08:48","modified_gmt":"2023-08-08T12:08:48","slug":"gr-174","status":"publish","type":"product","link":"https:\/\/moniberic.com\/fr\/produit\/gr-174\/","title":{"rendered":"GR-174"},"content":{"rendered":"<h3>D.O. PRIORAT<\/h3>\n<p><strong>CAVE:<\/strong> Casa Gran Del Siurana<\/p>\n<p><strong>C\u00c9PAGES<\/strong>: Garnacha, Cabernet sauvignon, Sams\u00f3, Syrah,Merlot,Cabernet franc et Ull de llebre.<\/p>\n<p><strong>VEILLISSEMENT<\/strong>: mois en f\u00fbts de ch\u00eane fran\u00e7ais<\/p>\n<p><strong>D\u00c9GUSTATION<\/strong> : Couleur cerise. Ar\u00f4mes floraux frais et intenses, avec une pointe de men En bouche, il est fruit\u00e9, rond et complexe. Un vin d&rsquo;une belle structure, \u00e9quilibr\u00e9 et \u00e9l\u00e9gant.<\/p>\n","protected":false},"excerpt":{"rendered":"<p>D.O. PRIORAT CAVE: Casa Gran Del Siurana C\u00c9PAGES: Garnacha, Cabernet sauvignon, Sams\u00f3, Syrah,Merlot,Cabernet franc et Ull de llebre. VEILLISSEMENT: mois en f\u00fbts de ch\u00eane fran\u00e7ais D\u00c9GUSTATION : Couleur cerise. Ar\u00f4mes floraux frais et intenses, avec une pointe de men En bouche, il est fruit\u00e9, rond et complexe. Un vin d&rsquo;une belle structure, \u00e9quilibr\u00e9 et \u00e9l\u00e9gant.<\/p>\n","protected":false},"featured_media":4370,"template":"","meta":[],"product_brand":[],"product_cat":[306],"product_tag":[],"class_list":{"0":"post-4973","1":"product","2":"type-product","3":"status-publish","4":"has-post-thumbnail","6":"product_cat-vins-et-cavas","8":"first","9":"instock","10":"taxable","11":"shipping-taxable","12":"purchasable","13":"product-type-simple"},"_links":{"self":[{"href":"https:\/\/moniberic.com\/fr\/wp-json\/wp\/v2\/product\/4973","targetHints":{"allow":["GET"]}}],"collection":[{"href":"https:\/\/moniberic.com\/fr\/wp-json\/wp\/v2\/product"}],"about":[{"href":"https:\/\/moniberic.com\/fr\/wp-json\/wp\/v2\/types\/product"}],"wp:featuredmedia":[{"embeddable":true,"href":"https:\/\/moniberic.com\/fr\/wp-json\/wp\/v2\/media\/4370"}],"wp:attachment":[{"href":"https:\/\/moniberic.com\/fr\/wp-json\/wp\/v2\/media?parent=4973"}],"wp:term":[{"taxonomy":"product_brand","embeddable":true,"href":"https:\/\/moniberic.com\/fr\/wp-json\/wp\/v2\/product_brand?post=4973"},{"taxonomy":"product_cat","embeddable":true,"href":"https:\/\/moniberic.com\/fr\/wp-json\/wp\/v2\/product_cat?post=4973"},{"taxonomy":"product_tag","embeddable":true,"href":"https:\/\/moniberic.com\/fr\/wp-json\/wp\/v2\/product_tag?post=4973"}],"curies":[{"name":"wp","href":"https:\/\/api.w.org\/{rel}","templated":true}]}}