{"id":4969,"date":"2022-11-01T12:31:49","date_gmt":"2022-11-01T11:31:49","guid":{"rendered":"https:\/\/moniberic.com\/producto\/juve-y-camps-reserva-familia-2\/"},"modified":"2023-08-08T12:36:02","modified_gmt":"2023-08-08T11:36:02","slug":"juve-y-camps-reserva-familia","status":"publish","type":"product","link":"https:\/\/moniberic.com\/fr\/produit\/juve-y-camps-reserva-familia\/","title":{"rendered":"JUVE Y CAMPS RESERVA FAMILIA"},"content":{"rendered":"<h3>D.O. CAVA<\/h3>\n<p><strong>CAVE<\/strong>: Juve y Camps<\/p>\n<p><strong>C\u00c9PAGES<\/strong>: Macabeo, Xarel\u00b7lo et Parellada<\/p>\n<p><strong>VEILLISSEMENT<\/strong> : 3 ans en bouteille<\/p>\n<p><strong>D\u00c9GUSTATION<\/strong> : Couleur p\u00e2le avec une touche de luminosit\u00e9. Le nez a de la profondeur, de l&rsquo;\u00e9l\u00e9gance et de l&rsquo;intensit\u00e9. Notes de pain grill\u00e9, d&rsquo;agrumes et m\u00eame de fruits m\u00fbrs. Tr\u00e8s cr\u00e9meux et frais en bouche.<\/p>\n","protected":false},"excerpt":{"rendered":"<p>D.O. CAVA CAVE: Juve y Camps C\u00c9PAGES: Macabeo, Xarel\u00b7lo et Parellada VEILLISSEMENT : 3 ans en bouteille D\u00c9GUSTATION : Couleur p\u00e2le avec une touche de luminosit\u00e9. Le nez a de la profondeur, de l&rsquo;\u00e9l\u00e9gance et de l&rsquo;intensit\u00e9. Notes de pain grill\u00e9, d&rsquo;agrumes et m\u00eame de fruits m\u00fbrs. Tr\u00e8s cr\u00e9meux et frais en bouche.<\/p>\n","protected":false},"featured_media":4340,"template":"","meta":[],"product_brand":[],"product_cat":[306],"product_tag":[],"class_list":{"0":"post-4969","1":"product","2":"type-product","3":"status-publish","4":"has-post-thumbnail","6":"product_cat-vins-et-cavas","8":"first","9":"instock","10":"taxable","11":"shipping-taxable","12":"purchasable","13":"product-type-simple"},"_links":{"self":[{"href":"https:\/\/moniberic.com\/fr\/wp-json\/wp\/v2\/product\/4969","targetHints":{"allow":["GET"]}}],"collection":[{"href":"https:\/\/moniberic.com\/fr\/wp-json\/wp\/v2\/product"}],"about":[{"href":"https:\/\/moniberic.com\/fr\/wp-json\/wp\/v2\/types\/product"}],"wp:featuredmedia":[{"embeddable":true,"href":"https:\/\/moniberic.com\/fr\/wp-json\/wp\/v2\/media\/4340"}],"wp:attachment":[{"href":"https:\/\/moniberic.com\/fr\/wp-json\/wp\/v2\/media?parent=4969"}],"wp:term":[{"taxonomy":"product_brand","embeddable":true,"href":"https:\/\/moniberic.com\/fr\/wp-json\/wp\/v2\/product_brand?post=4969"},{"taxonomy":"product_cat","embeddable":true,"href":"https:\/\/moniberic.com\/fr\/wp-json\/wp\/v2\/product_cat?post=4969"},{"taxonomy":"product_tag","embeddable":true,"href":"https:\/\/moniberic.com\/fr\/wp-json\/wp\/v2\/product_tag?post=4969"}],"curies":[{"name":"wp","href":"https:\/\/api.w.org\/{rel}","templated":true}]}}