{"id":4967,"date":"2022-11-01T12:31:01","date_gmt":"2022-11-01T11:31:01","guid":{"rendered":"https:\/\/moniberic.com\/producto\/at-roca-2\/"},"modified":"2025-03-31T07:31:45","modified_gmt":"2025-03-31T06:31:45","slug":"at-roca","status":"publish","type":"product","link":"https:\/\/moniberic.com\/fr\/produit\/at-roca\/","title":{"rendered":"AT ROCA ROSADO BRUT"},"content":{"rendered":"<h3>D.O. PENEDES<\/h3>\n<p><strong>CAVE<\/strong>: AT Roca<\/p>\n<p><strong>C\u00c9PAGES<\/strong>: Macabeo et Monastrell<\/p>\n<p><strong>\u00c9LEVAGE<\/strong>: 18 meses<\/p>\n<p><strong>D\u00c9GUSTATION<\/strong> : Bulles fines et persistantes d&rsquo;\u00e9volution moyenne avec formation abondante de chapelets et de couronnes. Le nez est net, franc et \u00e9l\u00e9gant. Les ar\u00f4mes de fruits rouges frais dominent, avec la fraise et la fraise en t\u00eate. En bouche, il est tr\u00e8s fruit\u00e9, frais, avec une superbe acidit\u00e9, fin et \u00e9l\u00e9gant avec un gaz carbonique bien int\u00e9gr\u00e9.<\/p>\n","protected":false},"excerpt":{"rendered":"<p>D.O. PENEDES CAVE: AT Roca C\u00c9PAGES: Macabeo et Monastrell \u00c9LEVAGE: 18 meses D\u00c9GUSTATION : Bulles fines et persistantes d&rsquo;\u00e9volution moyenne avec formation abondante de chapelets et de couronnes. Le nez est net, franc et \u00e9l\u00e9gant. Les ar\u00f4mes de fruits rouges frais dominent, avec la fraise et la fraise en t\u00eate. En bouche, il est tr\u00e8s [&hellip;]<\/p>\n","protected":false},"featured_media":4339,"template":"","meta":[],"product_brand":[],"product_cat":[306],"product_tag":[],"class_list":{"0":"post-4967","1":"product","2":"type-product","3":"status-publish","4":"has-post-thumbnail","6":"product_cat-vins-et-cavas","8":"first","9":"instock","10":"taxable","11":"shipping-taxable","12":"purchasable","13":"product-type-simple"},"_links":{"self":[{"href":"https:\/\/moniberic.com\/fr\/wp-json\/wp\/v2\/product\/4967","targetHints":{"allow":["GET"]}}],"collection":[{"href":"https:\/\/moniberic.com\/fr\/wp-json\/wp\/v2\/product"}],"about":[{"href":"https:\/\/moniberic.com\/fr\/wp-json\/wp\/v2\/types\/product"}],"wp:featuredmedia":[{"embeddable":true,"href":"https:\/\/moniberic.com\/fr\/wp-json\/wp\/v2\/media\/4339"}],"wp:attachment":[{"href":"https:\/\/moniberic.com\/fr\/wp-json\/wp\/v2\/media?parent=4967"}],"wp:term":[{"taxonomy":"product_brand","embeddable":true,"href":"https:\/\/moniberic.com\/fr\/wp-json\/wp\/v2\/product_brand?post=4967"},{"taxonomy":"product_cat","embeddable":true,"href":"https:\/\/moniberic.com\/fr\/wp-json\/wp\/v2\/product_cat?post=4967"},{"taxonomy":"product_tag","embeddable":true,"href":"https:\/\/moniberic.com\/fr\/wp-json\/wp\/v2\/product_tag?post=4967"}],"curies":[{"name":"wp","href":"https:\/\/api.w.org\/{rel}","templated":true}]}}