{"id":4965,"date":"2022-11-01T12:27:33","date_gmt":"2022-11-01T11:27:33","guid":{"rendered":"https:\/\/moniberic.com\/producto\/jose-pariente-sauvingnon-2\/"},"modified":"2025-03-31T07:33:45","modified_gmt":"2025-03-31T06:33:45","slug":"jose-pariente-sauvingnon","status":"publish","type":"product","link":"https:\/\/moniberic.com\/fr\/produit\/jose-pariente-sauvingnon\/","title":{"rendered":"JOS\u00c9 PARIENTE SAUVINGNON"},"content":{"rendered":"<h3>D.O. RUEDA<\/h3>\n<p><strong>CAVE<\/strong> : Jos\u00e9 Pariente<\/p>\n<p><strong>C\u00c9PAGES<\/strong>: Sauvigonon Blanc<\/p>\n<p><strong>D\u00c9GUSTATION<\/strong>: Jaune p\u00e2le aux reflets verd\u00e2tres, son expression aromatique est une combinaison exceptionnelle de notes v\u00e9g\u00e9tales et de fruits exotiques, de notes d&rsquo;herbe fra\u00eechement coup\u00e9e et d&rsquo;une l\u00e9g\u00e8re touche min\u00e9rale. En bouche, il pr\u00e9sente le caract\u00e8re typique du sauvignon blanc, cette \u00e9l\u00e9gance fra\u00eeche et nette. C&rsquo;est un vin de grande intensit\u00e9, structur\u00e9 et persistant, rond.<\/p>\n","protected":false},"excerpt":{"rendered":"<p>D.O. RUEDA CAVE : Jos\u00e9 Pariente C\u00c9PAGES: Sauvigonon Blanc D\u00c9GUSTATION: Jaune p\u00e2le aux reflets verd\u00e2tres, son expression aromatique est une combinaison exceptionnelle de notes v\u00e9g\u00e9tales et de fruits exotiques, de notes d&rsquo;herbe fra\u00eechement coup\u00e9e et d&rsquo;une l\u00e9g\u00e8re touche min\u00e9rale. En bouche, il pr\u00e9sente le caract\u00e8re typique du sauvignon blanc, cette \u00e9l\u00e9gance fra\u00eeche et nette. C&rsquo;est [&hellip;]<\/p>\n","protected":false},"featured_media":4336,"template":"","meta":[],"product_brand":[],"product_cat":[306],"product_tag":[],"class_list":{"0":"post-4965","1":"product","2":"type-product","3":"status-publish","4":"has-post-thumbnail","6":"product_cat-vins-et-cavas","8":"first","9":"instock","10":"taxable","11":"shipping-taxable","12":"purchasable","13":"product-type-simple"},"_links":{"self":[{"href":"https:\/\/moniberic.com\/fr\/wp-json\/wp\/v2\/product\/4965","targetHints":{"allow":["GET"]}}],"collection":[{"href":"https:\/\/moniberic.com\/fr\/wp-json\/wp\/v2\/product"}],"about":[{"href":"https:\/\/moniberic.com\/fr\/wp-json\/wp\/v2\/types\/product"}],"wp:featuredmedia":[{"embeddable":true,"href":"https:\/\/moniberic.com\/fr\/wp-json\/wp\/v2\/media\/4336"}],"wp:attachment":[{"href":"https:\/\/moniberic.com\/fr\/wp-json\/wp\/v2\/media?parent=4965"}],"wp:term":[{"taxonomy":"product_brand","embeddable":true,"href":"https:\/\/moniberic.com\/fr\/wp-json\/wp\/v2\/product_brand?post=4965"},{"taxonomy":"product_cat","embeddable":true,"href":"https:\/\/moniberic.com\/fr\/wp-json\/wp\/v2\/product_cat?post=4965"},{"taxonomy":"product_tag","embeddable":true,"href":"https:\/\/moniberic.com\/fr\/wp-json\/wp\/v2\/product_tag?post=4965"}],"curies":[{"name":"wp","href":"https:\/\/api.w.org\/{rel}","templated":true}]}}