{"id":4964,"date":"2022-11-01T12:26:46","date_gmt":"2022-11-01T11:26:46","guid":{"rendered":"https:\/\/moniberic.com\/producto\/jardins-blanc-2\/"},"modified":"2025-03-31T07:34:49","modified_gmt":"2025-03-31T06:34:49","slug":"jardins-blanc","status":"publish","type":"product","link":"https:\/\/moniberic.com\/fr\/produit\/jardins-blanc\/","title":{"rendered":"JARDINS BLANC"},"content":{"rendered":"<h3>D. O. EMPORD\u00c0<\/h3>\n<p><strong>CAVE<\/strong>: Perelada<\/p>\n<p><strong>C\u00c9PAGES<\/strong> : Macabeo, Sauvignon Blanc, Garnacha Blanca et Chardonnay.<\/p>\n<p><strong>VEILLISSEMENT<\/strong> : pas d&rsquo;\u00e9levage<\/p>\n<p><strong>D\u00c9GUSTATION<\/strong> : Couleur jaune p\u00e2le et brillante. Ar\u00f4me intense de fruits frais, fines notes tropicales avec un fond floral. En bouche, il est complexe, enveloppant et tr\u00e8s frais.<\/p>\n","protected":false},"excerpt":{"rendered":"<p>D. O. EMPORD\u00c0 CAVE: Perelada C\u00c9PAGES : Macabeo, Sauvignon Blanc, Garnacha Blanca et Chardonnay. VEILLISSEMENT : pas d&rsquo;\u00e9levage D\u00c9GUSTATION : Couleur jaune p\u00e2le et brillante. Ar\u00f4me intense de fruits frais, fines notes tropicales avec un fond floral. En bouche, il est complexe, enveloppant et tr\u00e8s frais.<\/p>\n","protected":false},"featured_media":4335,"template":"","meta":[],"product_brand":[],"product_cat":[306],"product_tag":[],"class_list":{"0":"post-4964","1":"product","2":"type-product","3":"status-publish","4":"has-post-thumbnail","6":"product_cat-vins-et-cavas","8":"first","9":"instock","10":"taxable","11":"shipping-taxable","12":"purchasable","13":"product-type-simple"},"_links":{"self":[{"href":"https:\/\/moniberic.com\/fr\/wp-json\/wp\/v2\/product\/4964","targetHints":{"allow":["GET"]}}],"collection":[{"href":"https:\/\/moniberic.com\/fr\/wp-json\/wp\/v2\/product"}],"about":[{"href":"https:\/\/moniberic.com\/fr\/wp-json\/wp\/v2\/types\/product"}],"wp:featuredmedia":[{"embeddable":true,"href":"https:\/\/moniberic.com\/fr\/wp-json\/wp\/v2\/media\/4335"}],"wp:attachment":[{"href":"https:\/\/moniberic.com\/fr\/wp-json\/wp\/v2\/media?parent=4964"}],"wp:term":[{"taxonomy":"product_brand","embeddable":true,"href":"https:\/\/moniberic.com\/fr\/wp-json\/wp\/v2\/product_brand?post=4964"},{"taxonomy":"product_cat","embeddable":true,"href":"https:\/\/moniberic.com\/fr\/wp-json\/wp\/v2\/product_cat?post=4964"},{"taxonomy":"product_tag","embeddable":true,"href":"https:\/\/moniberic.com\/fr\/wp-json\/wp\/v2\/product_tag?post=4964"}],"curies":[{"name":"wp","href":"https:\/\/api.w.org\/{rel}","templated":true}]}}