{"id":4961,"date":"2022-11-01T12:22:35","date_gmt":"2022-11-01T11:22:35","guid":{"rendered":"https:\/\/moniberic.com\/producto\/jardins-negre-2\/"},"modified":"2025-03-31T07:36:29","modified_gmt":"2025-03-31T06:36:29","slug":"jardins-negre","status":"publish","type":"product","link":"https:\/\/moniberic.com\/fr\/produit\/jardins-negre\/","title":{"rendered":"JARDINS ROUGE"},"content":{"rendered":"<h3>D. O. EMPORD\u00c0<\/h3>\n<p><strong>CAVE<\/strong>: Peralada<\/p>\n<p><strong>C\u00c9PAGES<\/strong> : Monastrell, Garnatxa, Merlot, Syrah et Cabernet Sauvignon.<\/p>\n<p><strong>D\u00c9GUSTATION<\/strong> : Robe grenat brillante. L&rsquo;ar\u00f4me est fruit\u00e9, floral, intense et tr\u00e8s enveloppant. En bouche, il est rond, frais, \u00e9quilibr\u00e9, avec des tanins pr\u00e9sents mais tr\u00e8s doux, ce qui le rend soyeux et agr\u00e9able au palais. C&rsquo;est un vin complexe, doux mais intense en bouche, au style m\u00e9diterran\u00e9en marqu\u00e9.<\/p>\n","protected":false},"excerpt":{"rendered":"<p>D. O. EMPORD\u00c0 CAVE: Peralada C\u00c9PAGES : Monastrell, Garnatxa, Merlot, Syrah et Cabernet Sauvignon. D\u00c9GUSTATION : Robe grenat brillante. L&rsquo;ar\u00f4me est fruit\u00e9, floral, intense et tr\u00e8s enveloppant. En bouche, il est rond, frais, \u00e9quilibr\u00e9, avec des tanins pr\u00e9sents mais tr\u00e8s doux, ce qui le rend soyeux et agr\u00e9able au palais. C&rsquo;est un vin complexe, doux [&hellip;]<\/p>\n","protected":false},"featured_media":4332,"template":"","meta":[],"product_brand":[],"product_cat":[306],"product_tag":[],"class_list":{"0":"post-4961","1":"product","2":"type-product","3":"status-publish","4":"has-post-thumbnail","6":"product_cat-vins-et-cavas","8":"first","9":"instock","10":"taxable","11":"shipping-taxable","12":"purchasable","13":"product-type-simple"},"_links":{"self":[{"href":"https:\/\/moniberic.com\/fr\/wp-json\/wp\/v2\/product\/4961","targetHints":{"allow":["GET"]}}],"collection":[{"href":"https:\/\/moniberic.com\/fr\/wp-json\/wp\/v2\/product"}],"about":[{"href":"https:\/\/moniberic.com\/fr\/wp-json\/wp\/v2\/types\/product"}],"wp:featuredmedia":[{"embeddable":true,"href":"https:\/\/moniberic.com\/fr\/wp-json\/wp\/v2\/media\/4332"}],"wp:attachment":[{"href":"https:\/\/moniberic.com\/fr\/wp-json\/wp\/v2\/media?parent=4961"}],"wp:term":[{"taxonomy":"product_brand","embeddable":true,"href":"https:\/\/moniberic.com\/fr\/wp-json\/wp\/v2\/product_brand?post=4961"},{"taxonomy":"product_cat","embeddable":true,"href":"https:\/\/moniberic.com\/fr\/wp-json\/wp\/v2\/product_cat?post=4961"},{"taxonomy":"product_tag","embeddable":true,"href":"https:\/\/moniberic.com\/fr\/wp-json\/wp\/v2\/product_tag?post=4961"}],"curies":[{"name":"wp","href":"https:\/\/api.w.org\/{rel}","templated":true}]}}