{"id":4960,"date":"2022-11-01T12:16:59","date_gmt":"2022-11-01T11:16:59","guid":{"rendered":"https:\/\/moniberic.com\/?post_type=product&#038;p=4960"},"modified":"2025-04-10T09:11:34","modified_gmt":"2025-04-10T08:11:34","slug":"hacienda-lopez-de-haro","status":"publish","type":"product","link":"https:\/\/moniberic.com\/fr\/produit\/hacienda-lopez-de-haro\/","title":{"rendered":"HACIENDA L\u00d3PEZ DE HARO"},"content":{"rendered":"<h3><strong>D.O. RIOJA<\/strong><\/h3>\n<p><strong>CAVE<\/strong> : Bodega Cl\u00e1sica<\/p>\n<p><strong>C\u00c9PAGES<\/strong> : Tempranillo, Garnacha rouge et Graciano.<\/p>\n<p><strong>VEILLISSEMENT<\/strong> : 18 mois en f\u00fbts de ch\u00eane fran\u00e7ais et am\u00e9ricain.<\/p>\n<p><strong>D\u00c9GUSTATION<\/strong> : Couleur grenat et ar\u00f4me agr\u00e9able, avec des notes de fruits m\u00fbrs. En bouche, il est doux, expressif et \u00e9l\u00e9gant, alliant un caract\u00e8re fruit\u00e9 aux notes apport\u00e9es par la barrique, dans un \u00e9quilibre parfait.<\/p>\n","protected":false},"excerpt":{"rendered":"<p>D.O. RIOJA CAVE : Bodega Cl\u00e1sica C\u00c9PAGES : Tempranillo, Garnacha rouge et Graciano. VEILLISSEMENT : 18 mois en f\u00fbts de ch\u00eane fran\u00e7ais et am\u00e9ricain. D\u00c9GUSTATION : Couleur grenat et ar\u00f4me agr\u00e9able, avec des notes de fruits m\u00fbrs. En bouche, il est doux, expressif et \u00e9l\u00e9gant, alliant un caract\u00e8re fruit\u00e9 aux notes apport\u00e9es par la barrique, [&hellip;]<\/p>\n","protected":false},"featured_media":9905,"template":"","meta":[],"product_brand":[],"product_cat":[306],"product_tag":[],"class_list":{"0":"post-4960","1":"product","2":"type-product","3":"status-publish","4":"has-post-thumbnail","6":"product_cat-vins-et-cavas","8":"first","9":"instock","10":"taxable","11":"shipping-taxable","12":"purchasable","13":"product-type-simple"},"_links":{"self":[{"href":"https:\/\/moniberic.com\/fr\/wp-json\/wp\/v2\/product\/4960","targetHints":{"allow":["GET"]}}],"collection":[{"href":"https:\/\/moniberic.com\/fr\/wp-json\/wp\/v2\/product"}],"about":[{"href":"https:\/\/moniberic.com\/fr\/wp-json\/wp\/v2\/types\/product"}],"wp:featuredmedia":[{"embeddable":true,"href":"https:\/\/moniberic.com\/fr\/wp-json\/wp\/v2\/media\/9905"}],"wp:attachment":[{"href":"https:\/\/moniberic.com\/fr\/wp-json\/wp\/v2\/media?parent=4960"}],"wp:term":[{"taxonomy":"product_brand","embeddable":true,"href":"https:\/\/moniberic.com\/fr\/wp-json\/wp\/v2\/product_brand?post=4960"},{"taxonomy":"product_cat","embeddable":true,"href":"https:\/\/moniberic.com\/fr\/wp-json\/wp\/v2\/product_cat?post=4960"},{"taxonomy":"product_tag","embeddable":true,"href":"https:\/\/moniberic.com\/fr\/wp-json\/wp\/v2\/product_tag?post=4960"}],"curies":[{"name":"wp","href":"https:\/\/api.w.org\/{rel}","templated":true}]}}