{"id":4953,"date":"2022-12-02T07:04:27","date_gmt":"2022-12-02T06:04:27","guid":{"rendered":"https:\/\/moniberic.com\/producto\/jambon-cebo-de-campo-iberique-50-race-iberique\/"},"modified":"2025-06-25T08:54:08","modified_gmt":"2025-06-25T07:54:08","slug":"jambon-cebo-de-campo-iberico-50-race-iberique","status":"publish","type":"product","link":"https:\/\/moniberic.com\/fr\/produit\/jambon-cebo-de-campo-iberico-50-race-iberique\/","title":{"rendered":"JAMBON CEBO DE CAMPO IBERIQUE 50% RACE IBERIQUE"},"content":{"rendered":"<p>Le jambon ib\u00e9rique de Tom\u00e1s L\u00f3pez a une saveur enveloppante, structur\u00e9e et savoureuse, avec des notes de campagne.<\/p>\n<p>Notre jambon de cebo de campo provient de porcs ib\u00e9riques, nourris avec des c\u00e9r\u00e9ales de premi\u00e8re qualit\u00e9 et des p\u00e2turages naturels, \u00e9lev\u00e9s en plein air et affin\u00e9s dans nos s\u00e9choirs pendant plus de 24 mois.<\/p>\n<h5>Marque<\/h5>\n<p><img decoding=\"async\" class=\"alignnone size-full wp-image-1216\" src=\"https:\/\/moniberic.com\/wp-content\/uploads\/2022\/10\/LogoTL200.png\" alt=\"\" width=\"200\" height=\"87\"><\/p>\n<p>L&rsquo;une des marques les plus r\u00e9put\u00e9es de jambons et de saucisses ib\u00e9riques.<\/p>\n","protected":false},"excerpt":{"rendered":"<p><img fetchpriority=\"high\" decoding=\"async\" class=\"alignnone size-full wp-image-1044\" src=\"https:\/\/moniberic.com\/wp-content\/uploads\/2022\/10\/cebo50.png\" alt=\"\" width=\"500\" height=\"101\" srcset=\"https:\/\/moniberic.com\/wp-content\/uploads\/2022\/10\/cebo50.png 500w, https:\/\/moniberic.com\/wp-content\/uploads\/2022\/10\/cebo50-300x61.png 300w\" sizes=\"(max-width: 500px) 100vw, 500px\" \/><\/p>\n<p>Le <strong>jambon ib\u00e9rique Cebo<\/strong> est obtenu \u00e0 partir des meilleurs porcs ib\u00e9riques qui, tout au long de leur vie, de la naissance \u00e0 l&rsquo;abattage, re\u00e7oivent une alimentation bas\u00e9e exclusivement sur des c\u00e9r\u00e9ales et des l\u00e9gumineuses de premi\u00e8re qualit\u00e9.<\/p>\n","protected":false},"featured_media":11111,"template":"","meta":[],"product_brand":[],"product_cat":[312],"product_tag":[],"class_list":{"0":"post-4953","1":"product","2":"type-product","3":"status-publish","4":"has-post-thumbnail","6":"product_cat-jambon-iberic","8":"first","9":"instock","10":"taxable","11":"shipping-taxable","12":"purchasable","13":"product-type-variable"},"_links":{"self":[{"href":"https:\/\/moniberic.com\/fr\/wp-json\/wp\/v2\/product\/4953","targetHints":{"allow":["GET"]}}],"collection":[{"href":"https:\/\/moniberic.com\/fr\/wp-json\/wp\/v2\/product"}],"about":[{"href":"https:\/\/moniberic.com\/fr\/wp-json\/wp\/v2\/types\/product"}],"wp:featuredmedia":[{"embeddable":true,"href":"https:\/\/moniberic.com\/fr\/wp-json\/wp\/v2\/media\/11111"}],"wp:attachment":[{"href":"https:\/\/moniberic.com\/fr\/wp-json\/wp\/v2\/media?parent=4953"}],"wp:term":[{"taxonomy":"product_brand","embeddable":true,"href":"https:\/\/moniberic.com\/fr\/wp-json\/wp\/v2\/product_brand?post=4953"},{"taxonomy":"product_cat","embeddable":true,"href":"https:\/\/moniberic.com\/fr\/wp-json\/wp\/v2\/product_cat?post=4953"},{"taxonomy":"product_tag","embeddable":true,"href":"https:\/\/moniberic.com\/fr\/wp-json\/wp\/v2\/product_tag?post=4953"}],"curies":[{"name":"wp","href":"https:\/\/api.w.org\/{rel}","templated":true}]}}