{"id":4949,"date":"2022-10-18T09:37:09","date_gmt":"2022-10-18T09:37:09","guid":{"rendered":"https:\/\/moniberic.com\/producto\/jambon-bellota-100-iberico\/"},"modified":"2025-06-25T08:56:58","modified_gmt":"2025-06-25T07:56:58","slug":"jambon-bellota-100-iberico","status":"publish","type":"product","link":"https:\/\/moniberic.com\/fr\/produit\/jambon-bellota-100-iberico\/","title":{"rendered":"JAMBON BELLOTA 100% IBERICO"},"content":{"rendered":"<p><strong>Description<\/strong><\/p>\n<p>Notre jambon bellota 100% ib\u00e9rique repr\u00e9sente la plus grande puret\u00e9 ib\u00e9rique. Le porc est \u00e9lev\u00e9 \u00e0 l&rsquo;\u00e9tat sauvage parmi des ch\u00eanes verts, des ch\u00eanes-li\u00e8ges et d&rsquo;autres esp\u00e8ces typiques des meilleures dehesas, et son alimentation exquise est bas\u00e9e sur des p\u00e2turages naturels, des glands et d&rsquo;autres aliments caract\u00e9ristiques de l&rsquo;\u00e9cosyst\u00e8me dans lequel il vit. Cela lui conf\u00e8re une valeur diff\u00e9rentielle \u00e9lev\u00e9e et une qualit\u00e9 optimale qui font de ce produit le haut de gamme des jambons ib\u00e9riques.<\/p>\n<p>Gr\u00e2ce au r\u00e9gime alimentaire du porc et \u00e0 son mode de vie d\u00e9tendu, le produit pr\u00e9sente un niveau \u00e9lev\u00e9 d&rsquo;infiltration de graisse dans la viande, ce qui nous permet de profiter d&rsquo;une jutosit\u00e9 in\u00e9gal\u00e9e, ainsi que d&rsquo;une saveur et d&rsquo;une intensit\u00e9 exceptionnelles. Le tout accompagn\u00e9 d&rsquo;un \u00e9quilibre qui fait de ce jambon une merveille pour notre palais et l&rsquo;un des mieux not\u00e9s du march\u00e9.<\/p>\n<p><strong>Marque<\/strong><\/p>\n<p><img decoding=\"async\" class=\"alignnone size-full wp-image-1216\" src=\"https:\/\/moniberic.com\/wp-content\/uploads\/2022\/10\/LogoTL200.png\" alt=\"\" width=\"200\" height=\"87\"><\/p>\n<p>&nbsp;<\/p>\n<p>L&rsquo;une des marques les plus r\u00e9put\u00e9es de jambons et de saucisses ib\u00e9riques.<\/p>\n","protected":false},"excerpt":{"rendered":"<p><img fetchpriority=\"high\" decoding=\"async\" class=\"alignnone size-full wp-image-1052\" src=\"https:\/\/moniberic.com\/wp-content\/uploads\/2022\/10\/bellota100.png\" alt=\"\" width=\"500\" height=\"101\" srcset=\"https:\/\/moniberic.com\/wp-content\/uploads\/2022\/10\/bellota100.png 500w, https:\/\/moniberic.com\/wp-content\/uploads\/2022\/10\/bellota100-300x61.png 300w\" sizes=\"(max-width: 500px) 100vw, 500px\" \/><br \/>\nNotre <strong>jambon bellota 100 % ib\u00e9rique Tom\u00e1s L\u00f3pez<\/strong> , est le plus exquis, il a une saveur persistante et une texture juteuse et intense. Ce jambon provient de porcs 100% ib\u00e9riques, \u00e9lev\u00e9s en plein air, nourris de glands et de p\u00e2turages naturels, et <strong>affin\u00e9s pendant plus de 36 mois<\/strong> avec une ventilation naturelle r\u00e9gul\u00e9e par nos experts en jambons.<\/p>\n","protected":false},"featured_media":11119,"template":"","meta":[],"product_brand":[],"product_cat":[312],"product_tag":[],"class_list":{"0":"post-4949","1":"product","2":"type-product","3":"status-publish","4":"has-post-thumbnail","6":"product_cat-jambon-iberic","8":"first","9":"instock","10":"taxable","11":"shipping-taxable","12":"purchasable","13":"product-type-variable"},"_links":{"self":[{"href":"https:\/\/moniberic.com\/fr\/wp-json\/wp\/v2\/product\/4949","targetHints":{"allow":["GET"]}}],"collection":[{"href":"https:\/\/moniberic.com\/fr\/wp-json\/wp\/v2\/product"}],"about":[{"href":"https:\/\/moniberic.com\/fr\/wp-json\/wp\/v2\/types\/product"}],"wp:featuredmedia":[{"embeddable":true,"href":"https:\/\/moniberic.com\/fr\/wp-json\/wp\/v2\/media\/11119"}],"wp:attachment":[{"href":"https:\/\/moniberic.com\/fr\/wp-json\/wp\/v2\/media?parent=4949"}],"wp:term":[{"taxonomy":"product_brand","embeddable":true,"href":"https:\/\/moniberic.com\/fr\/wp-json\/wp\/v2\/product_brand?post=4949"},{"taxonomy":"product_cat","embeddable":true,"href":"https:\/\/moniberic.com\/fr\/wp-json\/wp\/v2\/product_cat?post=4949"},{"taxonomy":"product_tag","embeddable":true,"href":"https:\/\/moniberic.com\/fr\/wp-json\/wp\/v2\/product_tag?post=4949"}],"curies":[{"name":"wp","href":"https:\/\/api.w.org\/{rel}","templated":true}]}}