{"id":4941,"date":"2022-10-18T09:23:09","date_gmt":"2022-10-18T09:23:09","guid":{"rendered":"https:\/\/moniberic.com\/producto\/jambon-cebo-iberico-50-race-iberique\/"},"modified":"2025-06-25T08:51:38","modified_gmt":"2025-06-25T07:51:38","slug":"jambon-iberico-cebo-50-race-iberique","status":"publish","type":"product","link":"https:\/\/moniberic.com\/fr\/produit\/jambon-iberico-cebo-50-race-iberique\/","title":{"rendered":"JAMBON CEBO IBERICO 50% RACE IB\u00c9RIQUE"},"content":{"rendered":"<p>Le Jambon Ib\u00e9rique Cebo est obtenu \u00e0 partir des meilleurs porcs ib\u00e9riques qui, tout au long de leur vie, de la naissance \u00e0 l&rsquo;abattage, re\u00e7oivent une alimentation bas\u00e9e exclusivement sur des c\u00e9r\u00e9ales et des l\u00e9gumineuses de premi\u00e8re qualit\u00e9.<\/p>\n<p>Cela donne lieu \u00e0 un jambon persill\u00e9 en raison de l&rsquo;infiltration de graisse intramusculaire, synonyme de qualit\u00e9, car elle apporte de la jutosit\u00e9 et de la texture \u00e0 la pi\u00e8ce.. En termes de go\u00fbt, il est \u00e9quilibr\u00e9, doux et velout\u00e9. Il poss\u00e8de un ar\u00f4me doux qui, associ\u00e9 \u00e0 toutes les autres caract\u00e9ristiques, nous fera appr\u00e9cier ce produit au plus haut niveau.<\/p>\n<h5>Marque<\/h5>\n<p><img decoding=\"async\" class=\"alignnone size-full wp-image-1216\" src=\"https:\/\/moniberic.com\/wp-content\/uploads\/2022\/10\/LogoTL200.png\" alt=\"\" width=\"200\" height=\"87\"><\/p>\n<p>L&rsquo;une des marques les plus r\u00e9put\u00e9es de jambons et de saucisses ib\u00e9riques.<\/p>\n","protected":false},"excerpt":{"rendered":"<p><img fetchpriority=\"high\" decoding=\"async\" class=\"size-full wp-image-1044 aligncenter\" src=\"https:\/\/moniberic.com\/wp-content\/uploads\/2022\/10\/cebo50.png\" alt=\"\" width=\"500\" height=\"101\" srcset=\"https:\/\/moniberic.com\/wp-content\/uploads\/2022\/10\/cebo50.png 500w, https:\/\/moniberic.com\/wp-content\/uploads\/2022\/10\/cebo50-300x61.png 300w\" sizes=\"(max-width: 500px) 100vw, 500px\" \/><\/p>\n<p>Le <strong>jambon ib\u00e9rique Cebo<\/strong> est obtenu \u00e0 partir des meilleurs porcs ib\u00e9riques qui, tout au long de leur vie, de la naissance \u00e0 l&rsquo;abattage, re\u00e7oivent une alimentation bas\u00e9e exclusivement sur des c\u00e9r\u00e9ales et des l\u00e9gumineuses de premi\u00e8re qualit\u00e9.<\/p>\n","protected":false},"featured_media":11115,"template":"","meta":[],"product_brand":[],"product_cat":[312],"product_tag":[],"class_list":{"0":"post-4941","1":"product","2":"type-product","3":"status-publish","4":"has-post-thumbnail","6":"product_cat-jambon-iberic","8":"first","9":"instock","10":"taxable","11":"shipping-taxable","12":"purchasable","13":"product-type-variable"},"_links":{"self":[{"href":"https:\/\/moniberic.com\/fr\/wp-json\/wp\/v2\/product\/4941","targetHints":{"allow":["GET"]}}],"collection":[{"href":"https:\/\/moniberic.com\/fr\/wp-json\/wp\/v2\/product"}],"about":[{"href":"https:\/\/moniberic.com\/fr\/wp-json\/wp\/v2\/types\/product"}],"wp:featuredmedia":[{"embeddable":true,"href":"https:\/\/moniberic.com\/fr\/wp-json\/wp\/v2\/media\/11115"}],"wp:attachment":[{"href":"https:\/\/moniberic.com\/fr\/wp-json\/wp\/v2\/media?parent=4941"}],"wp:term":[{"taxonomy":"product_brand","embeddable":true,"href":"https:\/\/moniberic.com\/fr\/wp-json\/wp\/v2\/product_brand?post=4941"},{"taxonomy":"product_cat","embeddable":true,"href":"https:\/\/moniberic.com\/fr\/wp-json\/wp\/v2\/product_cat?post=4941"},{"taxonomy":"product_tag","embeddable":true,"href":"https:\/\/moniberic.com\/fr\/wp-json\/wp\/v2\/product_tag?post=4941"}],"curies":[{"name":"wp","href":"https:\/\/api.w.org\/{rel}","templated":true}]}}