{"id":4931,"date":"2022-10-18T08:21:13","date_gmt":"2022-10-18T08:21:13","guid":{"rendered":"https:\/\/moniberic.com\/producto\/jambon-reserve\/"},"modified":"2025-06-25T08:52:21","modified_gmt":"2025-06-25T07:52:21","slug":"jambon-reserve","status":"publish","type":"product","link":"https:\/\/moniberic.com\/fr\/produit\/jambon-reserve\/","title":{"rendered":"JAMBON R\u00c9SERVE"},"content":{"rendered":"<p>Notre jambon Reserva est le jambon de la plus haute qualit\u00e9 que l&rsquo;on puisse trouver sur le march\u00e9 dans le groupe des jambons non ib\u00e9riques. Il provient de porcs blancs, \u00e9lev\u00e9s en r\u00e9gime intensif et nourris aux c\u00e9r\u00e9ales de la naissance \u00e0 l&rsquo;abattage.<\/p>\n<p>Son tissu musculaire pr\u00e9sente une forte infiltration de graisse, ce qui lui conf\u00e8re une agr\u00e9able jutosit\u00e9 en bouche. La saveur de ces morceaux est g\u00e9n\u00e9ralement douce, bien qu&rsquo;elle soit plus prononc\u00e9e que celle des autres races de porcs blancs.<\/p>\n<p><strong>Marque<\/strong><\/p>\n<p><img decoding=\"async\" class=\"alignnone size-full wp-image-1216\" src=\"https:\/\/moniberic.com\/wp-content\/uploads\/2022\/10\/LogoTL200.png\" alt=\"\" width=\"200\" height=\"87\"><\/p>\n<p>L&rsquo;une des marques les plus r\u00e9put\u00e9es de jambons et de saucisses ib\u00e9riques.<\/p>\n","protected":false},"excerpt":{"rendered":"<p><img fetchpriority=\"high\" decoding=\"async\" class=\"size-full wp-image-1037 aligncenter\" src=\"https:\/\/moniberic.com\/wp-content\/uploads\/2022\/10\/reserva.png\" alt=\"\" width=\"500\" height=\"101\" srcset=\"https:\/\/moniberic.com\/wp-content\/uploads\/2022\/10\/reserva.png 500w, https:\/\/moniberic.com\/wp-content\/uploads\/2022\/10\/reserva-300x61.png 300w\" sizes=\"(max-width: 500px) 100vw, 500px\" \/><\/p>\n<p>Notre <strong>jambon R\u00e9serve<\/strong> est le jambon de la plus haute qualit\u00e9 que l&rsquo;on puisse trouver sur le march\u00e9 dans le groupe des jambons non ib\u00e9riques. Il provient de porcs blancs, \u00e9lev\u00e9s en r\u00e9gime intensif et nourris aux c\u00e9r\u00e9ales de la naissance \u00e0 l&rsquo;abattage.<\/p>\n","protected":false},"featured_media":11107,"template":"","meta":[],"product_brand":[],"product_cat":[312],"product_tag":[],"class_list":{"0":"post-4931","1":"product","2":"type-product","3":"status-publish","4":"has-post-thumbnail","6":"product_cat-jambon-iberic","8":"first","9":"instock","10":"taxable","11":"shipping-taxable","12":"purchasable","13":"product-type-variable","14":"has-default-attributes"},"_links":{"self":[{"href":"https:\/\/moniberic.com\/fr\/wp-json\/wp\/v2\/product\/4931","targetHints":{"allow":["GET"]}}],"collection":[{"href":"https:\/\/moniberic.com\/fr\/wp-json\/wp\/v2\/product"}],"about":[{"href":"https:\/\/moniberic.com\/fr\/wp-json\/wp\/v2\/types\/product"}],"wp:featuredmedia":[{"embeddable":true,"href":"https:\/\/moniberic.com\/fr\/wp-json\/wp\/v2\/media\/11107"}],"wp:attachment":[{"href":"https:\/\/moniberic.com\/fr\/wp-json\/wp\/v2\/media?parent=4931"}],"wp:term":[{"taxonomy":"product_brand","embeddable":true,"href":"https:\/\/moniberic.com\/fr\/wp-json\/wp\/v2\/product_brand?post=4931"},{"taxonomy":"product_cat","embeddable":true,"href":"https:\/\/moniberic.com\/fr\/wp-json\/wp\/v2\/product_cat?post=4931"},{"taxonomy":"product_tag","embeddable":true,"href":"https:\/\/moniberic.com\/fr\/wp-json\/wp\/v2\/product_tag?post=4931"}],"curies":[{"name":"wp","href":"https:\/\/api.w.org\/{rel}","templated":true}]}}