{"id":4929,"date":"2022-11-15T15:05:02","date_gmt":"2022-11-15T15:05:02","guid":{"rendered":"https:\/\/moniberic.com\/producto\/epaule-de-jambon-de-bellota-100-iberique-5j\/"},"modified":"2025-11-30T03:16:46","modified_gmt":"2025-11-30T02:16:46","slug":"epaule-bellota-100-iberique-5j","status":"publish","type":"product","link":"https:\/\/moniberic.com\/fr\/produit\/epaule-bellota-100-iberique-5j\/","title":{"rendered":"\u00c9PAULE DE JAMBON DE BELLOTA 100% IB\u00c9RIQUE 5J"},"content":{"rendered":"<p>Le \u00c9paule de Jambon de Bellota 100 % ib\u00e9rique repr\u00e9sente la plus grande puret\u00e9 ib\u00e9rique. Le porc est \u00e9lev\u00e9 \u00e0 l&rsquo;\u00e9tat sauvage parmi des ch\u00eanes verts, des ch\u00eanes-li\u00e8ges et d&rsquo;autres esp\u00e8ces typiques des meilleures dehesas, et son alimentation exquise est bas\u00e9e sur des p\u00e2turages naturels, des glands et d&rsquo;autres aliments caract\u00e9ristiques de l&rsquo;\u00e9cosyst\u00e8me dans lequel il vit. Cela lui conf\u00e8re une valeur diff\u00e9rentielle \u00e9lev\u00e9e et une qualit\u00e9 optimale qui font de ce produit le haut de gamme de l&rsquo;\u00e9paule ib\u00e9rique.<\/p>\n<p>Gr\u00e2ce au r\u00e9gime alimentaire du porc et \u00e0 son mode de vie d\u00e9tendu, le produit pr\u00e9sente un niveau \u00e9lev\u00e9 d&rsquo;infiltration de graisse dans la viande, ce qui nous permet de profiter d&rsquo;une jutosit\u00e9 in\u00e9gal\u00e9e, ainsi que d&rsquo;une saveur et d&rsquo;une intensit\u00e9 exceptionnelles. Le tout est accompagn\u00e9 d&rsquo;un \u00e9quilibre qui fait de cette palette une merveille pour notre palais et l&rsquo;une des mieux valoris\u00e9es du march\u00e9.<\/p>\n<div>\n<h5>Marque<\/h5>\n<p><img decoding=\"async\" class=\"alignnone wp-image-4217 \" src=\"https:\/\/moniberic.com\/wp-content\/uploads\/2022\/11\/5J_NNJ_V-vect-08-copia-300x203.jpg\" alt=\"\" width=\"220\" height=\"149\" srcset=\"https:\/\/moniberic.com\/wp-content\/uploads\/2022\/11\/5J_NNJ_V-vect-08-copia-300x203.jpg 300w, https:\/\/moniberic.com\/wp-content\/uploads\/2022\/11\/5J_NNJ_V-vect-08-copia-600x406.jpg 600w, https:\/\/moniberic.com\/wp-content\/uploads\/2022\/11\/5J_NNJ_V-vect-08-copia.jpg 750w\" sizes=\"(max-width: 220px) 100vw, 220px\" \/><\/p>\n<p>L&rsquo;une des marques les plus r\u00e9put\u00e9es de jambons et de saucisses ib\u00e9riques.<\/p>\n<\/div>\n","protected":false},"excerpt":{"rendered":"<p><img fetchpriority=\"high\" decoding=\"async\" class=\"size-full wp-image-1058 aligncenter\" src=\"https:\/\/moniberic.com\/wp-content\/uploads\/2022\/11\/p-bellota-5j.png\" alt=\"\" width=\"500\" height=\"101\" srcset=\"https:\/\/moniberic.com\/wp-content\/uploads\/2022\/11\/p-bellota-5j.png 500w, https:\/\/moniberic.com\/wp-content\/uploads\/2022\/11\/p-bellota-5j-300x61.png 300w\" sizes=\"(max-width: 500px) 100vw, 500px\" \/><\/p>\n<p><strong>L&rsquo;\u00e9paule 5 Jotas<\/strong> provient de porcs 100% ib\u00e9riques, de la plus haute puret\u00e9 raciale, \u00e9lev\u00e9s en libert\u00e9, nourris de glands et de p\u00e2turages naturels, <strong>et affin\u00e9s pendant plus de 24 mois<\/strong>.<\/p>\n<p>Il provient de la zone de production de <strong>Huelva<\/strong>.<\/p>\n","protected":false},"featured_media":11153,"template":"","meta":[],"product_brand":[],"product_cat":[276],"product_tag":[],"class_list":{"0":"post-4929","1":"product","2":"type-product","3":"status-publish","4":"has-post-thumbnail","6":"product_cat-epaule-de-jambon","8":"first","9":"outofstock","10":"taxable","11":"shipping-taxable","12":"purchasable","13":"product-type-simple"},"_links":{"self":[{"href":"https:\/\/moniberic.com\/fr\/wp-json\/wp\/v2\/product\/4929","targetHints":{"allow":["GET"]}}],"collection":[{"href":"https:\/\/moniberic.com\/fr\/wp-json\/wp\/v2\/product"}],"about":[{"href":"https:\/\/moniberic.com\/fr\/wp-json\/wp\/v2\/types\/product"}],"wp:featuredmedia":[{"embeddable":true,"href":"https:\/\/moniberic.com\/fr\/wp-json\/wp\/v2\/media\/11153"}],"wp:attachment":[{"href":"https:\/\/moniberic.com\/fr\/wp-json\/wp\/v2\/media?parent=4929"}],"wp:term":[{"taxonomy":"product_brand","embeddable":true,"href":"https:\/\/moniberic.com\/fr\/wp-json\/wp\/v2\/product_brand?post=4929"},{"taxonomy":"product_cat","embeddable":true,"href":"https:\/\/moniberic.com\/fr\/wp-json\/wp\/v2\/product_cat?post=4929"},{"taxonomy":"product_tag","embeddable":true,"href":"https:\/\/moniberic.com\/fr\/wp-json\/wp\/v2\/product_tag?post=4929"}],"curies":[{"name":"wp","href":"https:\/\/api.w.org\/{rel}","templated":true}]}}