{"id":4908,"date":"2022-11-15T15:18:52","date_gmt":"2022-11-15T15:18:52","guid":{"rendered":"https:\/\/moniberic.com\/producto\/epaule-de-jambon-joselito\/"},"modified":"2025-11-17T02:30:19","modified_gmt":"2025-11-17T01:30:19","slug":"epaule-joselito","status":"publish","type":"product","link":"https:\/\/moniberic.com\/fr\/produit\/epaule-joselito\/","title":{"rendered":"\u00c9PAULE JOSELITO GRAN RESERVA"},"content":{"rendered":"<p>&lsquo;\u00e9paule Joselito provient de porcs nourris de glands et de p\u00e2turages naturels.<\/p>\n<h5>Marque<\/h5>\n<p>&nbsp;<\/p>\n<div class=\"wp-block-image\">\n<p><img decoding=\"async\" class=\"alignnone wp-image-3111 size-medium\" title=\"\u00c9paule de Jambon Joselito\" src=\"https:\/\/moniberic.com\/wp-content\/uploads\/2022\/11\/logo_joselito-300x61.png\" alt=\"\u00c9paule de Jambon Joselito\" width=\"300\" height=\"61\" srcset=\"https:\/\/moniberic.com\/wp-content\/uploads\/2022\/11\/logo_joselito-300x61.png 300w, https:\/\/moniberic.com\/wp-content\/uploads\/2022\/11\/logo_joselito-600x123.png 600w, https:\/\/moniberic.com\/wp-content\/uploads\/2022\/11\/logo_joselito.png 757w\" sizes=\"(max-width: 300px) 100vw, 300px\" \/><\/p>\n<\/div>\n<p>&nbsp;<\/p>\n","protected":false},"excerpt":{"rendered":"<p>La <strong>\u00c9paule de Jambon Joselito<\/strong> provient de porcs de grande qualit\u00e9. Ces animaux sont \u00e9lev\u00e9s dans des champs ouverts, o\u00f9 ils peuvent pa\u00eetre et faire de l&rsquo;exercice. Cela favorise l&rsquo;infiltration de la graisse dans la viande maigre, ce qui rend la viande plus juteuse. Leur alimentation est bas\u00e9e sur des p\u00e2turages naturels et compl\u00e9t\u00e9e par des c\u00e9r\u00e9ales de premi\u00e8re qualit\u00e9.<\/p>\n","protected":false},"featured_media":11160,"template":"","meta":[],"product_brand":[],"product_cat":[276],"product_tag":[],"class_list":{"0":"post-4908","1":"product","2":"type-product","3":"status-publish","4":"has-post-thumbnail","6":"product_cat-epaule-de-jambon","8":"first","9":"outofstock","10":"taxable","11":"shipping-taxable","12":"purchasable","13":"product-type-simple"},"_links":{"self":[{"href":"https:\/\/moniberic.com\/fr\/wp-json\/wp\/v2\/product\/4908","targetHints":{"allow":["GET"]}}],"collection":[{"href":"https:\/\/moniberic.com\/fr\/wp-json\/wp\/v2\/product"}],"about":[{"href":"https:\/\/moniberic.com\/fr\/wp-json\/wp\/v2\/types\/product"}],"wp:featuredmedia":[{"embeddable":true,"href":"https:\/\/moniberic.com\/fr\/wp-json\/wp\/v2\/media\/11160"}],"wp:attachment":[{"href":"https:\/\/moniberic.com\/fr\/wp-json\/wp\/v2\/media?parent=4908"}],"wp:term":[{"taxonomy":"product_brand","embeddable":true,"href":"https:\/\/moniberic.com\/fr\/wp-json\/wp\/v2\/product_brand?post=4908"},{"taxonomy":"product_cat","embeddable":true,"href":"https:\/\/moniberic.com\/fr\/wp-json\/wp\/v2\/product_cat?post=4908"},{"taxonomy":"product_tag","embeddable":true,"href":"https:\/\/moniberic.com\/fr\/wp-json\/wp\/v2\/product_tag?post=4908"}],"curies":[{"name":"wp","href":"https:\/\/api.w.org\/{rel}","templated":true}]}}