{"id":12089,"date":"2025-10-31T10:52:48","date_gmt":"2025-10-31T09:52:48","guid":{"rendered":"https:\/\/moniberic.com\/?post_type=product&#038;p=12089"},"modified":"2025-11-03T14:53:20","modified_gmt":"2025-11-03T13:53:20","slug":"jambon-duroc-100-gran-reserve-copia-copia","status":"publish","type":"product","link":"https:\/\/moniberic.com\/fr\/produit\/jambon-duroc-100-gran-reserve-copia-copia\/","title":{"rendered":"\u00c9PAULE LA JOYA 100% NOURRIE AUX MA\u00cfS IB\u00c9RIQUES"},"content":{"rendered":"<p>Le jambon Bellota 100% ib\u00e9rique La Joya repr\u00e9sente la plus haute puret\u00e9 ib\u00e9rique. Le porc est \u00e9lev\u00e9 \u00e0 l&rsquo;\u00e9tat sauvage parmi des ch\u00eanes verts, des ch\u00eanes-li\u00e8ges et d&rsquo;autres esp\u00e8ces typiques des meilleures dehesas, et son alimentation exquise est bas\u00e9e sur des p\u00e2turages naturels, des glands et d&rsquo;autres aliments caract\u00e9ristiques de l&rsquo;\u00e9cosyst\u00e8me dans lequel il vit. Cela lui conf\u00e8re une valeur diff\u00e9rentielle \u00e9lev\u00e9e et une qualit\u00e9 optimale qui font de ce produit le haut de gamme de l&rsquo;\u00e9paule ib\u00e9rique.<\/p>\n<p>Gr\u00e2ce au r\u00e9gime alimentaire du porc et \u00e0 son mode de vie d\u00e9tendu, le produit pr\u00e9sente un niveau \u00e9lev\u00e9 d&rsquo;infiltration de graisse dans la viande, ce qui nous permet de profiter d&rsquo;une jutosit\u00e9 in\u00e9gal\u00e9e, ainsi que d&rsquo;une saveur et d&rsquo;une intensit\u00e9 exceptionnelles. Tout cela s&rsquo;accompagne d&rsquo;un \u00e9quilibre qui fait de cette palette une merveille pour nos papilles et l&rsquo;une des palettes les mieux not\u00e9es du march\u00e9.<\/p>\n<h5>Marque<\/h5>\n<p><img decoding=\"async\" class=\"alignnone wp-image-12060 size-medium\" src=\"https:\/\/moniberic.com\/wp-content\/uploads\/2025\/10\/logo_la_joya-300x102.webp\" alt=\"\" width=\"300\" height=\"102\" srcset=\"https:\/\/moniberic.com\/wp-content\/uploads\/2025\/10\/logo_la_joya-300x102.webp 300w, https:\/\/moniberic.com\/wp-content\/uploads\/2025\/10\/logo_la_joya-1024x347.webp 1024w, https:\/\/moniberic.com\/wp-content\/uploads\/2025\/10\/logo_la_joya-768x261.webp 768w, https:\/\/moniberic.com\/wp-content\/uploads\/2025\/10\/logo_la_joya-600x204.webp 600w, https:\/\/moniberic.com\/wp-content\/uploads\/2025\/10\/logo_la_joya.webp 1500w\" sizes=\"(max-width: 300px) 100vw, 300px\" \/><\/p>\n<p>L&rsquo;une des marques les plus r\u00e9put\u00e9es de jambons ib\u00e9riques.<\/p>\n","protected":false},"excerpt":{"rendered":"<p><img fetchpriority=\"high\" decoding=\"async\" class=\"size-full wp-image-1058 aligncenter\" src=\"https:\/\/moniberic.com\/wp-content\/uploads\/2022\/11\/p-bellota-5j.png\" alt=\"\" width=\"500\" height=\"101\" srcset=\"https:\/\/moniberic.com\/wp-content\/uploads\/2022\/11\/p-bellota-5j.png 500w, https:\/\/moniberic.com\/wp-content\/uploads\/2022\/11\/p-bellota-5j-300x61.png 300w\" sizes=\"(max-width: 500px) 100vw, 500px\" \/><\/p>\n<p>Le <strong>jambon Bellota 100% ib\u00e9rique La Joya<\/strong> repr\u00e9sente la plus haute puret\u00e9 ib\u00e9rique. Le porc est \u00e9lev\u00e9 \u00e0 l&rsquo;\u00e9tat sauvage parmi des ch\u00eanes verts, des ch\u00eanes-li\u00e8ges et d&rsquo;autres esp\u00e8ces typiques des meilleures dehesas, et son alimentation exquise est bas\u00e9e sur des p\u00e2turages naturels, des glands et d&rsquo;autres aliments caract\u00e9ristiques de l&rsquo;\u00e9cosyst\u00e8me dans lequel il vit. <strong>Gu\u00e9rison en 24 mois.<\/strong><\/p>\n","protected":false},"featured_media":13120,"template":"","meta":[],"product_brand":[],"product_cat":[276],"product_tag":[],"class_list":{"0":"post-12089","1":"product","2":"type-product","3":"status-publish","4":"has-post-thumbnail","6":"product_cat-epaule-de-jambon","8":"first","9":"outofstock","10":"taxable","11":"shipping-taxable","12":"purchasable","13":"product-type-variable"},"_links":{"self":[{"href":"https:\/\/moniberic.com\/fr\/wp-json\/wp\/v2\/product\/12089","targetHints":{"allow":["GET"]}}],"collection":[{"href":"https:\/\/moniberic.com\/fr\/wp-json\/wp\/v2\/product"}],"about":[{"href":"https:\/\/moniberic.com\/fr\/wp-json\/wp\/v2\/types\/product"}],"wp:featuredmedia":[{"embeddable":true,"href":"https:\/\/moniberic.com\/fr\/wp-json\/wp\/v2\/media\/13120"}],"wp:attachment":[{"href":"https:\/\/moniberic.com\/fr\/wp-json\/wp\/v2\/media?parent=12089"}],"wp:term":[{"taxonomy":"product_brand","embeddable":true,"href":"https:\/\/moniberic.com\/fr\/wp-json\/wp\/v2\/product_brand?post=12089"},{"taxonomy":"product_cat","embeddable":true,"href":"https:\/\/moniberic.com\/fr\/wp-json\/wp\/v2\/product_cat?post=12089"},{"taxonomy":"product_tag","embeddable":true,"href":"https:\/\/moniberic.com\/fr\/wp-json\/wp\/v2\/product_tag?post=12089"}],"curies":[{"name":"wp","href":"https:\/\/api.w.org\/{rel}","templated":true}]}}