{"id":12056,"date":"2025-10-31T10:32:15","date_gmt":"2025-10-31T09:32:15","guid":{"rendered":"https:\/\/moniberic.com\/?post_type=product&#038;p=12056"},"modified":"2025-11-03T14:53:17","modified_gmt":"2025-11-03T13:53:17","slug":"jambon-duroc-100-gran-reserve-copia","status":"publish","type":"product","link":"https:\/\/moniberic.com\/fr\/produit\/jambon-duroc-100-gran-reserve-copia\/","title":{"rendered":"JAMBON DE GLAND 100% IB\u00c9RIQUE LA JOYA"},"content":{"rendered":"<p>Le jambon La Joya 100% ib\u00e9rique nourri aux glands repr\u00e9sente la plus haute puret\u00e9 ib\u00e9rique. Le porc est \u00e9lev\u00e9 \u00e0 l&rsquo;\u00e9tat sauvage parmi des ch\u00eanes verts, des ch\u00eanes-li\u00e8ges et d&rsquo;autres esp\u00e8ces typiques des meilleures dehesas, et son alimentation exquise est bas\u00e9e sur des p\u00e2turages naturels, des glands et d&rsquo;autres aliments caract\u00e9ristiques de l&rsquo;\u00e9cosyst\u00e8me dans lequel il vit. Cela lui conf\u00e8re une valeur diff\u00e9rentielle \u00e9lev\u00e9e et une qualit\u00e9 optimale qui font de ce produit le haut de gamme des jambons ib\u00e9riques.<\/p>\n<p>Gr\u00e2ce au r\u00e9gime alimentaire du porc et \u00e0 son mode de vie d\u00e9tendu, le produit pr\u00e9sente un niveau \u00e9lev\u00e9 d&rsquo;infiltration de graisse dans la viande, ce qui nous permet de profiter d&rsquo;une jutosit\u00e9 in\u00e9gal\u00e9e, ainsi que d&rsquo;une saveur et d&rsquo;une intensit\u00e9 exceptionnelles. Le tout accompagn\u00e9 d&rsquo;un \u00e9quilibre qui fait de ce jambon une merveille pour notre palais et l&rsquo;un des mieux not\u00e9s du march\u00e9.<\/p>\n<h5>Marque<\/h5>\n<p><img decoding=\"async\" class=\"alignnone wp-image-12060 size-medium\" src=\"https:\/\/moniberic.com\/wp-content\/uploads\/2025\/10\/logo_la_joya-300x102.webp\" alt=\"\" width=\"300\" height=\"102\" srcset=\"https:\/\/moniberic.com\/wp-content\/uploads\/2025\/10\/logo_la_joya-300x102.webp 300w, https:\/\/moniberic.com\/wp-content\/uploads\/2025\/10\/logo_la_joya-1024x347.webp 1024w, https:\/\/moniberic.com\/wp-content\/uploads\/2025\/10\/logo_la_joya-768x261.webp 768w, https:\/\/moniberic.com\/wp-content\/uploads\/2025\/10\/logo_la_joya-600x204.webp 600w, https:\/\/moniberic.com\/wp-content\/uploads\/2025\/10\/logo_la_joya.webp 1500w\" sizes=\"(max-width: 300px) 100vw, 300px\" \/><\/p>\n<p>L&rsquo;une des marques les plus r\u00e9put\u00e9es de jambons ib\u00e9riques.<\/p>\n","protected":false},"excerpt":{"rendered":"<p><img fetchpriority=\"high\" decoding=\"async\" class=\"size-full wp-image-1052 aligncenter\" src=\"https:\/\/moniberic.com\/wp-content\/uploads\/2022\/10\/bellota100.png\" alt=\"\" width=\"500\" height=\"101\" srcset=\"https:\/\/moniberic.com\/wp-content\/uploads\/2022\/10\/bellota100.png 500w, https:\/\/moniberic.com\/wp-content\/uploads\/2022\/10\/bellota100-300x61.png 300w\" sizes=\"(max-width: 500px) 100vw, 500px\" \/><\/p>\n<p>Le <strong>jambon La Joya 100% ib\u00e9rique nourri aux glands<\/strong> repr\u00e9sente la plus haute puret\u00e9 ib\u00e9rique. Le porc est \u00e9lev\u00e9 \u00e0 l&rsquo;\u00e9tat sauvage parmi des ch\u00eanes verts, des ch\u00eanes-li\u00e8ges et d&rsquo;autres esp\u00e8ces typiques des meilleures dehesas, et son alimentation exquise est bas\u00e9e sur des p\u00e2turages naturels, des glands et d&rsquo;autres aliments caract\u00e9ristiques de l&rsquo;\u00e9cosyst\u00e8me dans lequel il vit.<\/p>\n","protected":false},"featured_media":13124,"template":"","meta":[],"product_brand":[],"product_cat":[312],"product_tag":[],"class_list":{"0":"post-12056","1":"product","2":"type-product","3":"status-publish","4":"has-post-thumbnail","6":"product_cat-jambon-iberic","8":"first","9":"instock","10":"taxable","11":"shipping-taxable","12":"purchasable","13":"product-type-variable"},"_links":{"self":[{"href":"https:\/\/moniberic.com\/fr\/wp-json\/wp\/v2\/product\/12056","targetHints":{"allow":["GET"]}}],"collection":[{"href":"https:\/\/moniberic.com\/fr\/wp-json\/wp\/v2\/product"}],"about":[{"href":"https:\/\/moniberic.com\/fr\/wp-json\/wp\/v2\/types\/product"}],"wp:featuredmedia":[{"embeddable":true,"href":"https:\/\/moniberic.com\/fr\/wp-json\/wp\/v2\/media\/13124"}],"wp:attachment":[{"href":"https:\/\/moniberic.com\/fr\/wp-json\/wp\/v2\/media?parent=12056"}],"wp:term":[{"taxonomy":"product_brand","embeddable":true,"href":"https:\/\/moniberic.com\/fr\/wp-json\/wp\/v2\/product_brand?post=12056"},{"taxonomy":"product_cat","embeddable":true,"href":"https:\/\/moniberic.com\/fr\/wp-json\/wp\/v2\/product_cat?post=12056"},{"taxonomy":"product_tag","embeddable":true,"href":"https:\/\/moniberic.com\/fr\/wp-json\/wp\/v2\/product_tag?post=12056"}],"curies":[{"name":"wp","href":"https:\/\/api.w.org\/{rel}","templated":true}]}}