{"id":11286,"date":"2025-07-18T06:45:15","date_gmt":"2025-07-18T05:45:15","guid":{"rendered":"https:\/\/moniberic.com\/?post_type=product&#038;p=11286"},"modified":"2025-07-18T06:55:44","modified_gmt":"2025-07-18T05:55:44","slug":"jambon-duroc-tomas-lopez-100g","status":"publish","type":"product","link":"https:\/\/moniberic.com\/fr\/produit\/jambon-duroc-tomas-lopez-100g\/","title":{"rendered":"JAMBON DUROC TOM\u00c1S L\u00d3PEZ 100g"},"content":{"rendered":"<p>Enveloppe de 100 grammes de jambon Tom\u00e1s L\u00f3pez Duroc tranch\u00e9.<\/p>\n<p>Le jambon de porc Duroc est issu de cette race s\u00e9lectionn\u00e9e, reconnue pour son excellente infiltration de graisse intramusculaire, qui lui conf\u00e8re une texture juteuse et une saveur incomparable. Ces porcs b\u00e9n\u00e9ficient d&rsquo;une alimentation \u00e9quilibr\u00e9e \u00e0 base de c\u00e9r\u00e9ales et de l\u00e9gumineuses de haute qualit\u00e9, garantissant un d\u00e9veloppement optimal de la viande.<\/p>\n<p>Le r\u00e9sultat est un jambon au persillage caract\u00e9ristique, qui conf\u00e8re douceur et onctuosit\u00e9 \u00e0 chaque tranche. Sa saveur d\u00e9licate et l\u00e9g\u00e8rement sucr\u00e9e, avec des nuances intenses, en fait un choix id\u00e9al pour les amateurs de bon jambon. De plus, son ar\u00f4me doux et app\u00e9tissant sublime l&rsquo;exp\u00e9rience culinaire, offrant un produit exquis \u00e0 d\u00e9guster en toute occasion.<\/p>\n<h5>Marque<\/h5>\n<p><img decoding=\"async\" class=\"alignnone size-full wp-image-1216\" src=\"https:\/\/moniberic.com\/wp-content\/uploads\/2022\/10\/LogoTL200.png\" alt=\"\" width=\"200\" height=\"87\" \/><\/p>\n<p>L&rsquo;une des marques les plus r\u00e9put\u00e9es de jambons et de saucisses ib\u00e9riques.<\/p>\n","protected":false},"excerpt":{"rendered":"<p>Notre <strong>jambon Duroc Tom\u00e1s L\u00f3pez<\/strong> a une texture savoureuse, \u00e9quilibr\u00e9e, onctueuse et velout\u00e9e ; il provient de porcs Duroc de premi\u00e8re qualit\u00e9.<\/p>\n","protected":false},"featured_media":11290,"template":"","meta":[],"product_brand":[],"product_cat":[493],"product_tag":[],"class_list":{"0":"post-11286","1":"product","2":"type-product","3":"status-publish","4":"has-post-thumbnail","6":"product_cat-viandes-tranchees","8":"first","9":"instock","10":"taxable","11":"shipping-taxable","12":"purchasable","13":"product-type-simple"},"_links":{"self":[{"href":"https:\/\/moniberic.com\/fr\/wp-json\/wp\/v2\/product\/11286","targetHints":{"allow":["GET"]}}],"collection":[{"href":"https:\/\/moniberic.com\/fr\/wp-json\/wp\/v2\/product"}],"about":[{"href":"https:\/\/moniberic.com\/fr\/wp-json\/wp\/v2\/types\/product"}],"wp:featuredmedia":[{"embeddable":true,"href":"https:\/\/moniberic.com\/fr\/wp-json\/wp\/v2\/media\/11290"}],"wp:attachment":[{"href":"https:\/\/moniberic.com\/fr\/wp-json\/wp\/v2\/media?parent=11286"}],"wp:term":[{"taxonomy":"product_brand","embeddable":true,"href":"https:\/\/moniberic.com\/fr\/wp-json\/wp\/v2\/product_brand?post=11286"},{"taxonomy":"product_cat","embeddable":true,"href":"https:\/\/moniberic.com\/fr\/wp-json\/wp\/v2\/product_cat?post=11286"},{"taxonomy":"product_tag","embeddable":true,"href":"https:\/\/moniberic.com\/fr\/wp-json\/wp\/v2\/product_tag?post=11286"}],"curies":[{"name":"wp","href":"https:\/\/api.w.org\/{rel}","templated":true}]}}