{"id":10445,"date":"2025-03-27T10:41:19","date_gmt":"2025-03-27T09:41:19","guid":{"rendered":"https:\/\/moniberic.com\/producto\/cava-gramona-imperial-brut\/"},"modified":"2025-03-27T10:41:19","modified_gmt":"2025-03-27T09:41:19","slug":"cava-gramona-imperial-brut","status":"publish","type":"product","link":"https:\/\/moniberic.com\/fr\/produit\/cava-gramona-imperial-brut\/","title":{"rendered":"CAVA GRAMONA IMPERIAL BRUT"},"content":{"rendered":"<h3>D.O.P. CORPINNAT<\/h3>\n<p><strong>MAGASIN<\/strong>: Gramona<\/p>\n<p><strong>C\u00c9PAGES<\/strong>: Xarel\u00b7lo, Macabeo, Chardonnay, Perellada<\/p>\n<p><strong>D\u00c9GUSTATION<\/strong>: Intense, avec des notes de fruits blancs m\u00fbrs, de pomme et de p\u00eache de vigne. Notes d&rsquo;agrumes d&rsquo;\u00e9corce de citron. Notes d&rsquo;anis, de fenouil, notes de bl\u00e9. Beurre, brioche. L&rsquo;oxyg\u00e9nation rehausse les ar\u00f4mes matures de tarte aux pommes, de p\u00e2te d&rsquo;amande et de jaune d&rsquo;\u0153uf grill\u00e9.    <\/p>\n","protected":false},"excerpt":{"rendered":"<p>D.O.P. CORPINNAT MAGASIN: Gramona C\u00c9PAGES: Xarel\u00b7lo, Macabeo, Chardonnay, Perellada D\u00c9GUSTATION: Intense, avec des notes de fruits blancs m\u00fbrs, de pomme et de p\u00eache de vigne. Notes d&rsquo;agrumes d&rsquo;\u00e9corce de citron. Notes d&rsquo;anis, de fenouil, notes de bl\u00e9. Beurre, brioche. L&rsquo;oxyg\u00e9nation rehausse les ar\u00f4mes matures de tarte aux pommes, de p\u00e2te d&rsquo;amande et de jaune d&rsquo;\u0153uf [&hellip;]<\/p>\n","protected":false},"featured_media":9701,"template":"","meta":[],"product_brand":[],"product_cat":[306],"product_tag":[],"class_list":{"0":"post-10445","1":"product","2":"type-product","3":"status-publish","4":"has-post-thumbnail","6":"product_cat-vins-et-cavas","8":"first","9":"instock","10":"taxable","11":"shipping-taxable","12":"purchasable","13":"product-type-simple"},"_links":{"self":[{"href":"https:\/\/moniberic.com\/fr\/wp-json\/wp\/v2\/product\/10445","targetHints":{"allow":["GET"]}}],"collection":[{"href":"https:\/\/moniberic.com\/fr\/wp-json\/wp\/v2\/product"}],"about":[{"href":"https:\/\/moniberic.com\/fr\/wp-json\/wp\/v2\/types\/product"}],"wp:featuredmedia":[{"embeddable":true,"href":"https:\/\/moniberic.com\/fr\/wp-json\/wp\/v2\/media\/9701"}],"wp:attachment":[{"href":"https:\/\/moniberic.com\/fr\/wp-json\/wp\/v2\/media?parent=10445"}],"wp:term":[{"taxonomy":"product_brand","embeddable":true,"href":"https:\/\/moniberic.com\/fr\/wp-json\/wp\/v2\/product_brand?post=10445"},{"taxonomy":"product_cat","embeddable":true,"href":"https:\/\/moniberic.com\/fr\/wp-json\/wp\/v2\/product_cat?post=10445"},{"taxonomy":"product_tag","embeddable":true,"href":"https:\/\/moniberic.com\/fr\/wp-json\/wp\/v2\/product_tag?post=10445"}],"curies":[{"name":"wp","href":"https:\/\/api.w.org\/{rel}","templated":true}]}}