{"id":10442,"date":"2025-03-27T10:42:13","date_gmt":"2025-03-27T09:42:13","guid":{"rendered":"https:\/\/moniberic.com\/producto\/cava-heretat-el-padruell\/"},"modified":"2025-11-03T14:53:16","modified_gmt":"2025-11-03T13:53:16","slug":"cava-heretat-el-padruell","status":"publish","type":"product","link":"https:\/\/moniberic.com\/fr\/produit\/cava-heretat-el-padruell\/","title":{"rendered":"CAVA D&rsquo;\u00c9CURE DE MER"},"content":{"rendered":"<h3>D.O.P. CAVA<\/h3>\n<p><strong>DOMAINE VIGNOBLE<\/strong> : Cava Masachs<\/p>\n<p><strong>C\u00c9PAGES<\/strong>: Xarel\u00b7lo, Macabeo, Perellada<\/p>\n<p><strong>D\u00c9GUSTATION<\/strong>: Sa robe dor\u00e9e est brillante et resplendissante et est nuanc\u00e9e par une bulle marquante qui forme une petite couronne. Les notes fruit\u00e9es sont les protagonistes incontest\u00e9s de ce cava, apportant fra\u00eecheur et \u00e9l\u00e9gance. Une fois de plus, la note fruit\u00e9e se fait sentir en bouche, o\u00f9 elle est ample et laisse une grande persistance.  <\/p>\n","protected":false},"excerpt":{"rendered":"<p>D.O.P. CAVA DOMAINE VIGNOBLE : Cava Masachs C\u00c9PAGES: Xarel\u00b7lo, Macabeo, Perellada D\u00c9GUSTATION: Sa robe dor\u00e9e est brillante et resplendissante et est nuanc\u00e9e par une bulle marquante qui forme une petite couronne. Les notes fruit\u00e9es sont les protagonistes incontest\u00e9s de ce cava, apportant fra\u00eecheur et \u00e9l\u00e9gance. Une fois de plus, la note fruit\u00e9e se fait sentir [&hellip;]<\/p>\n","protected":false},"featured_media":11309,"template":"","meta":[],"product_brand":[],"product_cat":[306],"product_tag":[],"class_list":{"0":"post-10442","1":"product","2":"type-product","3":"status-publish","4":"has-post-thumbnail","6":"product_cat-vins-et-cavas","8":"first","9":"instock","10":"taxable","11":"shipping-taxable","12":"purchasable","13":"product-type-simple"},"_links":{"self":[{"href":"https:\/\/moniberic.com\/fr\/wp-json\/wp\/v2\/product\/10442","targetHints":{"allow":["GET"]}}],"collection":[{"href":"https:\/\/moniberic.com\/fr\/wp-json\/wp\/v2\/product"}],"about":[{"href":"https:\/\/moniberic.com\/fr\/wp-json\/wp\/v2\/types\/product"}],"wp:featuredmedia":[{"embeddable":true,"href":"https:\/\/moniberic.com\/fr\/wp-json\/wp\/v2\/media\/11309"}],"wp:attachment":[{"href":"https:\/\/moniberic.com\/fr\/wp-json\/wp\/v2\/media?parent=10442"}],"wp:term":[{"taxonomy":"product_brand","embeddable":true,"href":"https:\/\/moniberic.com\/fr\/wp-json\/wp\/v2\/product_brand?post=10442"},{"taxonomy":"product_cat","embeddable":true,"href":"https:\/\/moniberic.com\/fr\/wp-json\/wp\/v2\/product_cat?post=10442"},{"taxonomy":"product_tag","embeddable":true,"href":"https:\/\/moniberic.com\/fr\/wp-json\/wp\/v2\/product_tag?post=10442"}],"curies":[{"name":"wp","href":"https:\/\/api.w.org\/{rel}","templated":true}]}}