{"id":10435,"date":"2025-03-27T10:47:55","date_gmt":"2025-03-27T09:47:55","guid":{"rendered":"https:\/\/moniberic.com\/producto\/cava-mas-codina-brut\/"},"modified":"2025-03-27T10:47:55","modified_gmt":"2025-03-27T09:47:55","slug":"cava-mas-codina-brut","status":"publish","type":"product","link":"https:\/\/moniberic.com\/fr\/produit\/cava-mas-codina-brut\/","title":{"rendered":"CAVA MAS CODINA BRUT"},"content":{"rendered":"<h3>D.O.P. CAVA<\/h3>\n<p><strong>MAGASIN<\/strong>: Mas Codina<\/p>\n<p><strong>C\u00c9PAGES<\/strong>: Xarel\u00b7lo, Macabeo, Pinot Noir, Chardonnay<\/p>\n<p><strong>D\u00c9GUSTATION<\/strong>: Robe jaune paille p\u00e2le. Au nez, avec des notes fines et \u00e9l\u00e9gantes de fleurs blanches. En bouche, il est doux et \u00e9quilibr\u00e9, avec une acidit\u00e9 qui lui donne de la fra\u00eecheur et de l\u00e9g\u00e8res notes de noix.<\/p>\n","protected":false},"excerpt":{"rendered":"<p>D.O.P. CAVA MAGASIN: Mas Codina C\u00c9PAGES: Xarel\u00b7lo, Macabeo, Pinot Noir, Chardonnay D\u00c9GUSTATION: Robe jaune paille p\u00e2le. Au nez, avec des notes fines et \u00e9l\u00e9gantes de fleurs blanches. En bouche, il est doux et \u00e9quilibr\u00e9, avec une acidit\u00e9 qui lui donne de la fra\u00eecheur et de l\u00e9g\u00e8res notes de noix.<\/p>\n","protected":false},"featured_media":9711,"template":"","meta":[],"product_brand":[],"product_cat":[306],"product_tag":[],"class_list":{"0":"post-10435","1":"product","2":"type-product","3":"status-publish","4":"has-post-thumbnail","6":"product_cat-vins-et-cavas","8":"first","9":"instock","10":"taxable","11":"shipping-taxable","12":"purchasable","13":"product-type-simple"},"_links":{"self":[{"href":"https:\/\/moniberic.com\/fr\/wp-json\/wp\/v2\/product\/10435","targetHints":{"allow":["GET"]}}],"collection":[{"href":"https:\/\/moniberic.com\/fr\/wp-json\/wp\/v2\/product"}],"about":[{"href":"https:\/\/moniberic.com\/fr\/wp-json\/wp\/v2\/types\/product"}],"wp:featuredmedia":[{"embeddable":true,"href":"https:\/\/moniberic.com\/fr\/wp-json\/wp\/v2\/media\/9711"}],"wp:attachment":[{"href":"https:\/\/moniberic.com\/fr\/wp-json\/wp\/v2\/media?parent=10435"}],"wp:term":[{"taxonomy":"product_brand","embeddable":true,"href":"https:\/\/moniberic.com\/fr\/wp-json\/wp\/v2\/product_brand?post=10435"},{"taxonomy":"product_cat","embeddable":true,"href":"https:\/\/moniberic.com\/fr\/wp-json\/wp\/v2\/product_cat?post=10435"},{"taxonomy":"product_tag","embeddable":true,"href":"https:\/\/moniberic.com\/fr\/wp-json\/wp\/v2\/product_tag?post=10435"}],"curies":[{"name":"wp","href":"https:\/\/api.w.org\/{rel}","templated":true}]}}