{"id":10429,"date":"2025-03-27T11:22:37","date_gmt":"2025-03-27T10:22:37","guid":{"rendered":"https:\/\/moniberic.com\/producto\/atlantis-godello-blanc\/"},"modified":"2025-03-27T11:22:37","modified_gmt":"2025-03-27T10:22:37","slug":"atlantis-godello-blanc","status":"publish","type":"product","link":"https:\/\/moniberic.com\/fr\/produit\/atlantis-godello-blanc\/","title":{"rendered":"ATLANTIS GODELLO BLANC"},"content":{"rendered":"<h3>D.O. VALDEORRAS<\/h3>\n<p><strong style=\"font-size: 16px;\">MAGASIN<\/strong><span style=\"font-size: 16px;\">: Atlantis<\/span><\/p>\n<p><strong>C\u00c9PAGES<\/strong>: Godello<\/p>\n<p><strong>D\u00c9GUSTATION<\/strong>: Jaune paille aux reflets verd\u00e2tres : Intensit\u00e9 moyenne. Les ar\u00f4mes de fleurs fra\u00eeches et de min\u00e9raux ressortent. Notes d&rsquo;agrumes et de fruits \u00e0 noyau. Ar\u00f4mes l\u00e9gers d&rsquo;\u00e9levage, de lies fines et de noix. En bouche, il d\u00e9ploie sa structure et sa complexit\u00e9 avec une finale \u00e9quilibr\u00e9e et ample.<\/p>\n","protected":false},"excerpt":{"rendered":"<p>D.O. VALDEORRAS MAGASIN: Atlantis C\u00c9PAGES: Godello D\u00c9GUSTATION: Jaune paille aux reflets verd\u00e2tres : Intensit\u00e9 moyenne. Les ar\u00f4mes de fleurs fra\u00eeches et de min\u00e9raux ressortent. Notes d&rsquo;agrumes et de fruits \u00e0 noyau. Ar\u00f4mes l\u00e9gers d&rsquo;\u00e9levage, de lies fines et de noix. En bouche, il d\u00e9ploie sa structure et sa complexit\u00e9 avec une finale \u00e9quilibr\u00e9e et ample.<\/p>\n","protected":false},"featured_media":9940,"template":"","meta":[],"product_brand":[],"product_cat":[306],"product_tag":[],"class_list":{"0":"post-10429","1":"product","2":"type-product","3":"status-publish","4":"has-post-thumbnail","6":"product_cat-vins-et-cavas","8":"first","9":"instock","10":"taxable","11":"shipping-taxable","12":"purchasable","13":"product-type-simple"},"_links":{"self":[{"href":"https:\/\/moniberic.com\/fr\/wp-json\/wp\/v2\/product\/10429","targetHints":{"allow":["GET"]}}],"collection":[{"href":"https:\/\/moniberic.com\/fr\/wp-json\/wp\/v2\/product"}],"about":[{"href":"https:\/\/moniberic.com\/fr\/wp-json\/wp\/v2\/types\/product"}],"wp:featuredmedia":[{"embeddable":true,"href":"https:\/\/moniberic.com\/fr\/wp-json\/wp\/v2\/media\/9940"}],"wp:attachment":[{"href":"https:\/\/moniberic.com\/fr\/wp-json\/wp\/v2\/media?parent=10429"}],"wp:term":[{"taxonomy":"product_brand","embeddable":true,"href":"https:\/\/moniberic.com\/fr\/wp-json\/wp\/v2\/product_brand?post=10429"},{"taxonomy":"product_cat","embeddable":true,"href":"https:\/\/moniberic.com\/fr\/wp-json\/wp\/v2\/product_cat?post=10429"},{"taxonomy":"product_tag","embeddable":true,"href":"https:\/\/moniberic.com\/fr\/wp-json\/wp\/v2\/product_tag?post=10429"}],"curies":[{"name":"wp","href":"https:\/\/api.w.org\/{rel}","templated":true}]}}