{"id":10413,"date":"2025-03-27T11:00:46","date_gmt":"2025-03-27T10:00:46","guid":{"rendered":"https:\/\/moniberic.com\/producto\/champagne-taittinger-rose-est\/"},"modified":"2025-03-27T11:00:46","modified_gmt":"2025-03-27T10:00:46","slug":"champagne-taittinger-rose-est","status":"publish","type":"product","link":"https:\/\/moniberic.com\/fr\/produit\/champagne-taittinger-rose-est\/","title":{"rendered":"CHAMPAGNE TAITTINGER ROSE EST"},"content":{"rendered":"<p><strong>MAGASIN<\/strong>: Taittinger<\/p>\n<p><strong>C\u00c9PAGES<\/strong>: Pinot Noir, Chardonnay<\/p>\n<p><strong>D\u00c9GUSTATION<\/strong>: En bouche, ce vin offre un \u00e9quilibre d\u00e9licat entre corps et texture. Ses saveurs \u00e9voquent les fruits rouges frais et croquants. La bouche se r\u00e9sume en quatre mots : vive, fruit\u00e9e, fra\u00eeche et \u00e9l\u00e9gante, comme seul un ros\u00e9 peut l&rsquo;\u00eatre.  <\/p>\n","protected":false},"excerpt":{"rendered":"<p>MAGASIN: Taittinger C\u00c9PAGES: Pinot Noir, Chardonnay D\u00c9GUSTATION: En bouche, ce vin offre un \u00e9quilibre d\u00e9licat entre corps et texture. Ses saveurs \u00e9voquent les fruits rouges frais et croquants. La bouche se r\u00e9sume en quatre mots : vive, fruit\u00e9e, fra\u00eeche et \u00e9l\u00e9gante, comme seul un ros\u00e9 peut l&rsquo;\u00eatre.<\/p>\n","protected":false},"featured_media":9723,"template":"","meta":[],"product_brand":[],"product_cat":[306],"product_tag":[],"class_list":{"0":"post-10413","1":"product","2":"type-product","3":"status-publish","4":"has-post-thumbnail","6":"product_cat-vins-et-cavas","8":"first","9":"instock","10":"taxable","11":"shipping-taxable","12":"purchasable","13":"product-type-simple"},"_links":{"self":[{"href":"https:\/\/moniberic.com\/fr\/wp-json\/wp\/v2\/product\/10413","targetHints":{"allow":["GET"]}}],"collection":[{"href":"https:\/\/moniberic.com\/fr\/wp-json\/wp\/v2\/product"}],"about":[{"href":"https:\/\/moniberic.com\/fr\/wp-json\/wp\/v2\/types\/product"}],"wp:featuredmedia":[{"embeddable":true,"href":"https:\/\/moniberic.com\/fr\/wp-json\/wp\/v2\/media\/9723"}],"wp:attachment":[{"href":"https:\/\/moniberic.com\/fr\/wp-json\/wp\/v2\/media?parent=10413"}],"wp:term":[{"taxonomy":"product_brand","embeddable":true,"href":"https:\/\/moniberic.com\/fr\/wp-json\/wp\/v2\/product_brand?post=10413"},{"taxonomy":"product_cat","embeddable":true,"href":"https:\/\/moniberic.com\/fr\/wp-json\/wp\/v2\/product_cat?post=10413"},{"taxonomy":"product_tag","embeddable":true,"href":"https:\/\/moniberic.com\/fr\/wp-json\/wp\/v2\/product_tag?post=10413"}],"curies":[{"name":"wp","href":"https:\/\/api.w.org\/{rel}","templated":true}]}}