{"id":10411,"date":"2025-03-27T11:09:07","date_gmt":"2025-03-27T10:09:07","guid":{"rendered":"https:\/\/moniberic.com\/producto\/gramona-argent-blanc\/"},"modified":"2025-03-27T11:09:07","modified_gmt":"2025-03-27T10:09:07","slug":"gramona-argent-blanc","status":"publish","type":"product","link":"https:\/\/moniberic.com\/fr\/produit\/gramona-argent-blanc\/","title":{"rendered":"GRAMONA ARGENT BLANC"},"content":{"rendered":"<h3>D.O.P. CORPINNAT<\/h3>\n<p><strong>MAGASIN<\/strong>: Gramona<\/p>\n<p><strong>C\u00c9PAGES<\/strong>: Chardonnay<\/p>\n<p><strong>D\u00c9GUSTATION<\/strong>: Tr\u00e8s expressif et sophistiqu\u00e9, alliant fra\u00eecheur et profondeur. Il pr\u00e9sente un \u00e9quilibre fruit\u00e9 harmonieux, la complexit\u00e9 de son \u00e9levage sur lies, et une finale fra\u00eeche et \u00e9l\u00e9gante. <\/p>\n","protected":false},"excerpt":{"rendered":"<p>D.O.P. CORPINNAT MAGASIN: Gramona C\u00c9PAGES: Chardonnay D\u00c9GUSTATION: Tr\u00e8s expressif et sophistiqu\u00e9, alliant fra\u00eecheur et profondeur. Il pr\u00e9sente un \u00e9quilibre fruit\u00e9 harmonieux, la complexit\u00e9 de son \u00e9levage sur lies, et une finale fra\u00eeche et \u00e9l\u00e9gante.<\/p>\n","protected":false},"featured_media":9918,"template":"","meta":[],"product_brand":[],"product_cat":[306],"product_tag":[],"class_list":{"0":"post-10411","1":"product","2":"type-product","3":"status-publish","4":"has-post-thumbnail","6":"product_cat-vins-et-cavas","8":"first","9":"instock","10":"taxable","11":"shipping-taxable","12":"purchasable","13":"product-type-simple"},"_links":{"self":[{"href":"https:\/\/moniberic.com\/fr\/wp-json\/wp\/v2\/product\/10411","targetHints":{"allow":["GET"]}}],"collection":[{"href":"https:\/\/moniberic.com\/fr\/wp-json\/wp\/v2\/product"}],"about":[{"href":"https:\/\/moniberic.com\/fr\/wp-json\/wp\/v2\/types\/product"}],"wp:featuredmedia":[{"embeddable":true,"href":"https:\/\/moniberic.com\/fr\/wp-json\/wp\/v2\/media\/9918"}],"wp:attachment":[{"href":"https:\/\/moniberic.com\/fr\/wp-json\/wp\/v2\/media?parent=10411"}],"wp:term":[{"taxonomy":"product_brand","embeddable":true,"href":"https:\/\/moniberic.com\/fr\/wp-json\/wp\/v2\/product_brand?post=10411"},{"taxonomy":"product_cat","embeddable":true,"href":"https:\/\/moniberic.com\/fr\/wp-json\/wp\/v2\/product_cat?post=10411"},{"taxonomy":"product_tag","embeddable":true,"href":"https:\/\/moniberic.com\/fr\/wp-json\/wp\/v2\/product_tag?post=10411"}],"curies":[{"name":"wp","href":"https:\/\/api.w.org\/{rel}","templated":true}]}}