{"id":10407,"date":"2025-03-27T11:18:35","date_gmt":"2025-03-27T10:18:35","guid":{"rendered":"https:\/\/moniberic.com\/producto\/valtravieso-vt-tinta-fina\/"},"modified":"2025-03-27T11:18:35","modified_gmt":"2025-03-27T10:18:35","slug":"valtravieso-vt-tinta-fina","status":"publish","type":"product","link":"https:\/\/moniberic.com\/fr\/produit\/valtravieso-vt-tinta-fina\/","title":{"rendered":"VALTRAVIESO VT TINTA FINA"},"content":{"rendered":"<h3>D.O. RIBERA DEL DUERO<\/h3>\n<p><strong>MAGASIN<\/strong>: Valtravieso Bodegas y Vi\u00f1edos<\/p>\n<p><strong>C\u00c9PAGES<\/strong>: Tinto fino<\/p>\n<p><strong>D\u00c9GUSTATION<\/strong>: Succulent et savoureux. Son ar\u00f4me r\u00e9v\u00e8le des notes de cerises noires, d&rsquo;olives, de romarin, de muscade et de bo\u00eete \u00e0 cigares. En bouche, il pr\u00e9sente un corps moyen \u00e0 ample, avec des tanins robustes et velout\u00e9s. Il a un caract\u00e8re nettement poussi\u00e9reux.   <\/p>\n","protected":false},"excerpt":{"rendered":"<p>D.O. RIBERA DEL DUERO MAGASIN: Valtravieso Bodegas y Vi\u00f1edos C\u00c9PAGES: Tinto fino D\u00c9GUSTATION: Succulent et savoureux. Son ar\u00f4me r\u00e9v\u00e8le des notes de cerises noires, d&rsquo;olives, de romarin, de muscade et de bo\u00eete \u00e0 cigares. En bouche, il pr\u00e9sente un corps moyen \u00e0 ample, avec des tanins robustes et velout\u00e9s. Il a un caract\u00e8re nettement poussi\u00e9reux.<\/p>\n","protected":false},"featured_media":9922,"template":"","meta":[],"product_brand":[],"product_cat":[306],"product_tag":[],"class_list":{"0":"post-10407","1":"product","2":"type-product","3":"status-publish","4":"has-post-thumbnail","6":"product_cat-vins-et-cavas","8":"first","9":"instock","10":"taxable","11":"shipping-taxable","12":"purchasable","13":"product-type-simple"},"_links":{"self":[{"href":"https:\/\/moniberic.com\/fr\/wp-json\/wp\/v2\/product\/10407","targetHints":{"allow":["GET"]}}],"collection":[{"href":"https:\/\/moniberic.com\/fr\/wp-json\/wp\/v2\/product"}],"about":[{"href":"https:\/\/moniberic.com\/fr\/wp-json\/wp\/v2\/types\/product"}],"wp:featuredmedia":[{"embeddable":true,"href":"https:\/\/moniberic.com\/fr\/wp-json\/wp\/v2\/media\/9922"}],"wp:attachment":[{"href":"https:\/\/moniberic.com\/fr\/wp-json\/wp\/v2\/media?parent=10407"}],"wp:term":[{"taxonomy":"product_brand","embeddable":true,"href":"https:\/\/moniberic.com\/fr\/wp-json\/wp\/v2\/product_brand?post=10407"},{"taxonomy":"product_cat","embeddable":true,"href":"https:\/\/moniberic.com\/fr\/wp-json\/wp\/v2\/product_cat?post=10407"},{"taxonomy":"product_tag","embeddable":true,"href":"https:\/\/moniberic.com\/fr\/wp-json\/wp\/v2\/product_tag?post=10407"}],"curies":[{"name":"wp","href":"https:\/\/api.w.org\/{rel}","templated":true}]}}