{"id":10399,"date":"2025-03-27T11:26:01","date_gmt":"2025-03-27T10:26:01","guid":{"rendered":"https:\/\/moniberic.com\/producto\/collection-chivite-125-blanc\/"},"modified":"2025-03-27T11:26:01","modified_gmt":"2025-03-27T10:26:01","slug":"collection-chivite-125-blanc","status":"publish","type":"product","link":"https:\/\/moniberic.com\/fr\/produit\/collection-chivite-125-blanc\/","title":{"rendered":"COLLECTION CHIVITE 125 BLANC"},"content":{"rendered":"<h3>D.O. NAVARRA<\/h3>\n<p><strong style=\"font-size: 16px;\">MAGASIN<\/strong><span style=\"font-size: 16px;\">: Chivite<\/span><\/p>\n<p><strong>C\u00c9PAGES<\/strong>: Chardonnay<\/p>\n<p><strong>D\u00c9GUSTATION<\/strong>: Il d\u00e9ploie un charme subtil avec sa texture onctueuse et son corps g\u00e9n\u00e9reux. D\u00e8s la premi\u00e8re gorg\u00e9e, il vous enveloppe de juste ce qu&rsquo;il faut de maturit\u00e9, sans exc\u00e8s. Au nez, on per\u00e7oit des ar\u00f4mes rappelant des fruits comme la p\u00eache et la poire, entrelac\u00e9s de subtiles touches d&rsquo;agrumes. En bouche, son \u00e9quilibre est remarquable, offrant un go\u00fbt agr\u00e9able et une persistance qui invite \u00e0 continuer \u00e0 en profiter. Subtilit\u00e9 et pl\u00e9nitude dans chaque verre.<\/p>\n","protected":false},"excerpt":{"rendered":"<p>D.O. NAVARRA MAGASIN: Chivite C\u00c9PAGES: Chardonnay D\u00c9GUSTATION: Il d\u00e9ploie un charme subtil avec sa texture onctueuse et son corps g\u00e9n\u00e9reux. D\u00e8s la premi\u00e8re gorg\u00e9e, il vous enveloppe de juste ce qu&rsquo;il faut de maturit\u00e9, sans exc\u00e8s. Au nez, on per\u00e7oit des ar\u00f4mes rappelant des fruits comme la p\u00eache et la poire, entrelac\u00e9s de subtiles touches [&hellip;]<\/p>\n","protected":false},"featured_media":9932,"template":"","meta":[],"product_brand":[],"product_cat":[306],"product_tag":[],"class_list":{"0":"post-10399","1":"product","2":"type-product","3":"status-publish","4":"has-post-thumbnail","6":"product_cat-vins-et-cavas","8":"first","9":"instock","10":"taxable","11":"shipping-taxable","12":"purchasable","13":"product-type-simple"},"_links":{"self":[{"href":"https:\/\/moniberic.com\/fr\/wp-json\/wp\/v2\/product\/10399","targetHints":{"allow":["GET"]}}],"collection":[{"href":"https:\/\/moniberic.com\/fr\/wp-json\/wp\/v2\/product"}],"about":[{"href":"https:\/\/moniberic.com\/fr\/wp-json\/wp\/v2\/types\/product"}],"wp:featuredmedia":[{"embeddable":true,"href":"https:\/\/moniberic.com\/fr\/wp-json\/wp\/v2\/media\/9932"}],"wp:attachment":[{"href":"https:\/\/moniberic.com\/fr\/wp-json\/wp\/v2\/media?parent=10399"}],"wp:term":[{"taxonomy":"product_brand","embeddable":true,"href":"https:\/\/moniberic.com\/fr\/wp-json\/wp\/v2\/product_brand?post=10399"},{"taxonomy":"product_cat","embeddable":true,"href":"https:\/\/moniberic.com\/fr\/wp-json\/wp\/v2\/product_cat?post=10399"},{"taxonomy":"product_tag","embeddable":true,"href":"https:\/\/moniberic.com\/fr\/wp-json\/wp\/v2\/product_tag?post=10399"}],"curies":[{"name":"wp","href":"https:\/\/api.w.org\/{rel}","templated":true}]}}