{"id":10391,"date":"2025-03-27T11:29:14","date_gmt":"2025-03-27T10:29:14","guid":{"rendered":"https:\/\/moniberic.com\/producto\/fenomenal-blanc\/"},"modified":"2025-03-27T11:29:14","modified_gmt":"2025-03-27T10:29:14","slug":"fenomenal-blanc","status":"publish","type":"product","link":"https:\/\/moniberic.com\/fr\/produit\/fenomenal-blanc\/","title":{"rendered":"FENOMENAL BLANC"},"content":{"rendered":"<h3>D.O. RUEDA<\/h3>\n<p><strong style=\"font-size: 16px;\">MAGASIN<\/strong><span style=\"font-size: 16px;\">: Fenomenal<\/span><\/p>\n<p><strong>C\u00c9PAGES<\/strong>: Sauvignon blanc<\/p>\n<p><strong>D\u00c9GUSTATION<\/strong>: Robe jaune d\u00e9licate, tr\u00e8s brillante et nette aux reflets verts. Il regorge d&rsquo;une large gamme d&rsquo;ar\u00f4mes de fruits tropicaux et d&rsquo;agrumes tels que le fruit de la passion et le citron vert avec une touche de fruits charnus comme la p\u00eache, accompagn\u00e9s de d\u00e9licates fleurs blanches et de notes d&rsquo;herbe comme le fenouil. Il est volumineux avec une texture soyeuse et fra\u00eeche qui parcourt tout le palais. Au final, il laisse un souvenir d\u00e9licieux et persistant d&rsquo;\u00e9corce de citron, d&rsquo;abricot et de fenouil.   <\/p>\n","protected":false},"excerpt":{"rendered":"<p>D.O. RUEDA MAGASIN: Fenomenal C\u00c9PAGES: Sauvignon blanc D\u00c9GUSTATION: Robe jaune d\u00e9licate, tr\u00e8s brillante et nette aux reflets verts. Il regorge d&rsquo;une large gamme d&rsquo;ar\u00f4mes de fruits tropicaux et d&rsquo;agrumes tels que le fruit de la passion et le citron vert avec une touche de fruits charnus comme la p\u00eache, accompagn\u00e9s de d\u00e9licates fleurs blanches et [&hellip;]<\/p>\n","protected":false},"featured_media":9752,"template":"","meta":[],"product_brand":[],"product_cat":[306],"product_tag":[],"class_list":{"0":"post-10391","1":"product","2":"type-product","3":"status-publish","4":"has-post-thumbnail","6":"product_cat-vins-et-cavas","8":"first","9":"instock","10":"taxable","11":"shipping-taxable","12":"purchasable","13":"product-type-simple"},"_links":{"self":[{"href":"https:\/\/moniberic.com\/fr\/wp-json\/wp\/v2\/product\/10391","targetHints":{"allow":["GET"]}}],"collection":[{"href":"https:\/\/moniberic.com\/fr\/wp-json\/wp\/v2\/product"}],"about":[{"href":"https:\/\/moniberic.com\/fr\/wp-json\/wp\/v2\/types\/product"}],"wp:featuredmedia":[{"embeddable":true,"href":"https:\/\/moniberic.com\/fr\/wp-json\/wp\/v2\/media\/9752"}],"wp:attachment":[{"href":"https:\/\/moniberic.com\/fr\/wp-json\/wp\/v2\/media?parent=10391"}],"wp:term":[{"taxonomy":"product_brand","embeddable":true,"href":"https:\/\/moniberic.com\/fr\/wp-json\/wp\/v2\/product_brand?post=10391"},{"taxonomy":"product_cat","embeddable":true,"href":"https:\/\/moniberic.com\/fr\/wp-json\/wp\/v2\/product_cat?post=10391"},{"taxonomy":"product_tag","embeddable":true,"href":"https:\/\/moniberic.com\/fr\/wp-json\/wp\/v2\/product_tag?post=10391"}],"curies":[{"name":"wp","href":"https:\/\/api.w.org\/{rel}","templated":true}]}}