{"id":10387,"date":"2025-03-27T11:33:06","date_gmt":"2025-03-27T10:33:06","guid":{"rendered":"https:\/\/moniberic.com\/producto\/jose-pariente-verdejo-blanc\/"},"modified":"2025-03-27T11:33:06","modified_gmt":"2025-03-27T10:33:06","slug":"jose-pariente-verdejo-blanc","status":"publish","type":"product","link":"https:\/\/moniberic.com\/fr\/produit\/jose-pariente-verdejo-blanc\/","title":{"rendered":"JOSE PARIENTE VERDEJO BLANC"},"content":{"rendered":"<h3>D.O. RUEDA<\/h3>\n<p><strong style=\"font-size: 16px;\">MAGASIN<\/strong><span style=\"font-size: 16px;\">: Jos\u00e9 Pariente<\/span><\/p>\n<p><strong>C\u00c9PAGES<\/strong>: Verdejo<\/p>\n<p><strong>D\u00c9GUSTATION<\/strong>: Dans la phase visuelle, on appr\u00e9cie une couleur jaune paille brillante, avec des reflets verd\u00e2tres. \u00c9l\u00e9gant, frais et complexe. Il pr\u00e9sente une tonalit\u00e9 fruit\u00e9e marqu\u00e9e, qui couvre la gamme des fruits blancs et des agrumes. On y retrouve \u00e9galement des ar\u00f4mes de fenouil, de garrigue et un fond anis\u00e9 et balsamique. Tout cela sur une m\u00e9moire min\u00e9rale. Des notes de fruits frais r\u00e9apparaissent en bouche. Doux, sucr\u00e9 et \u00e9l\u00e9gant avec un arri\u00e8re-go\u00fbt doux et amer, caract\u00e9ristique de la vari\u00e9t\u00e9 Verdejo, soutenu par une bonne acidit\u00e9. Il poss\u00e8de une grande structure qui favorise sa persistance. Le volume en bouche de ce mill\u00e9sime ressort. La r\u00e9tronasale est complexe et intense.<\/p>\n","protected":false},"excerpt":{"rendered":"<p>D.O. RUEDA MAGASIN: Jos\u00e9 Pariente C\u00c9PAGES: Verdejo D\u00c9GUSTATION: Dans la phase visuelle, on appr\u00e9cie une couleur jaune paille brillante, avec des reflets verd\u00e2tres. \u00c9l\u00e9gant, frais et complexe. Il pr\u00e9sente une tonalit\u00e9 fruit\u00e9e marqu\u00e9e, qui couvre la gamme des fruits blancs et des agrumes. On y retrouve \u00e9galement des ar\u00f4mes de fenouil, de garrigue et un [&hellip;]<\/p>\n","protected":false},"featured_media":9758,"template":"","meta":[],"product_brand":[],"product_cat":[306],"product_tag":[],"class_list":{"0":"post-10387","1":"product","2":"type-product","3":"status-publish","4":"has-post-thumbnail","6":"product_cat-vins-et-cavas","8":"first","9":"instock","10":"taxable","11":"shipping-taxable","12":"purchasable","13":"product-type-simple"},"_links":{"self":[{"href":"https:\/\/moniberic.com\/fr\/wp-json\/wp\/v2\/product\/10387","targetHints":{"allow":["GET"]}}],"collection":[{"href":"https:\/\/moniberic.com\/fr\/wp-json\/wp\/v2\/product"}],"about":[{"href":"https:\/\/moniberic.com\/fr\/wp-json\/wp\/v2\/types\/product"}],"wp:featuredmedia":[{"embeddable":true,"href":"https:\/\/moniberic.com\/fr\/wp-json\/wp\/v2\/media\/9758"}],"wp:attachment":[{"href":"https:\/\/moniberic.com\/fr\/wp-json\/wp\/v2\/media?parent=10387"}],"wp:term":[{"taxonomy":"product_brand","embeddable":true,"href":"https:\/\/moniberic.com\/fr\/wp-json\/wp\/v2\/product_brand?post=10387"},{"taxonomy":"product_cat","embeddable":true,"href":"https:\/\/moniberic.com\/fr\/wp-json\/wp\/v2\/product_cat?post=10387"},{"taxonomy":"product_tag","embeddable":true,"href":"https:\/\/moniberic.com\/fr\/wp-json\/wp\/v2\/product_tag?post=10387"}],"curies":[{"name":"wp","href":"https:\/\/api.w.org\/{rel}","templated":true}]}}