{"id":10385,"date":"2025-03-27T11:35:27","date_gmt":"2025-03-27T10:35:27","guid":{"rendered":"https:\/\/moniberic.com\/producto\/mar-de-frades-albarino-blanc\/"},"modified":"2025-03-27T11:35:27","modified_gmt":"2025-03-27T10:35:27","slug":"mar-de-frades-albarino-blanc","status":"publish","type":"product","link":"https:\/\/moniberic.com\/fr\/produit\/mar-de-frades-albarino-blanc\/","title":{"rendered":"MAR DE FRADES ALBARI\u00d1O BLANC"},"content":{"rendered":"<h3>D.O. R\u00cdAS BAIXAS<\/h3>\n<p><strong style=\"font-size: 16px;\">MAGASIN<\/strong><span style=\"font-size: 16px;\">: Mar de Frades<\/span><\/p>\n<p><strong>C\u00c9PAGES<\/strong>: Albari\u00f1o<\/p>\n<p><strong>D\u00c9GUSTATION<\/strong>: A l&rsquo;\u0153il, il pr\u00e9sente une couleur citron p\u00e2le et brillante, avec des reflets citronn\u00e9s qui invitent \u00e0 le d\u00e9couvrir. Au nez, frais et intense, avec des notes de fleurs sauvages, d&rsquo;eucalyptus, de menthe et de fruits tropicaux. En bouche, il devient rafra\u00eechissant, vibrant, fluide, \u00ab \u00e9lectrique \u00bb. Volume harmonieux et ample, avec douceur et caract\u00e8re.   <\/p>\n","protected":false},"excerpt":{"rendered":"<p>D.O. R\u00cdAS BAIXAS MAGASIN: Mar de Frades C\u00c9PAGES: Albari\u00f1o D\u00c9GUSTATION: A l&rsquo;\u0153il, il pr\u00e9sente une couleur citron p\u00e2le et brillante, avec des reflets citronn\u00e9s qui invitent \u00e0 le d\u00e9couvrir. Au nez, frais et intense, avec des notes de fleurs sauvages, d&rsquo;eucalyptus, de menthe et de fruits tropicaux. En bouche, il devient rafra\u00eechissant, vibrant, fluide, \u00ab [&hellip;]<\/p>\n","protected":false},"featured_media":9764,"template":"","meta":[],"product_brand":[],"product_cat":[306],"product_tag":[],"class_list":{"0":"post-10385","1":"product","2":"type-product","3":"status-publish","4":"has-post-thumbnail","6":"product_cat-vins-et-cavas","8":"first","9":"instock","10":"taxable","11":"shipping-taxable","12":"purchasable","13":"product-type-simple"},"_links":{"self":[{"href":"https:\/\/moniberic.com\/fr\/wp-json\/wp\/v2\/product\/10385","targetHints":{"allow":["GET"]}}],"collection":[{"href":"https:\/\/moniberic.com\/fr\/wp-json\/wp\/v2\/product"}],"about":[{"href":"https:\/\/moniberic.com\/fr\/wp-json\/wp\/v2\/types\/product"}],"wp:featuredmedia":[{"embeddable":true,"href":"https:\/\/moniberic.com\/fr\/wp-json\/wp\/v2\/media\/9764"}],"wp:attachment":[{"href":"https:\/\/moniberic.com\/fr\/wp-json\/wp\/v2\/media?parent=10385"}],"wp:term":[{"taxonomy":"product_brand","embeddable":true,"href":"https:\/\/moniberic.com\/fr\/wp-json\/wp\/v2\/product_brand?post=10385"},{"taxonomy":"product_cat","embeddable":true,"href":"https:\/\/moniberic.com\/fr\/wp-json\/wp\/v2\/product_cat?post=10385"},{"taxonomy":"product_tag","embeddable":true,"href":"https:\/\/moniberic.com\/fr\/wp-json\/wp\/v2\/product_tag?post=10385"}],"curies":[{"name":"wp","href":"https:\/\/api.w.org\/{rel}","templated":true}]}}