{"id":10376,"date":"2025-03-27T11:39:34","date_gmt":"2025-03-27T10:39:34","guid":{"rendered":"https:\/\/moniberic.com\/producto\/ramon-bilbao-verdejo-blanc\/"},"modified":"2025-03-27T11:39:34","modified_gmt":"2025-03-27T10:39:34","slug":"ramon-bilbao-verdejo-blanc","status":"publish","type":"product","link":"https:\/\/moniberic.com\/fr\/produit\/ramon-bilbao-verdejo-blanc\/","title":{"rendered":"RAMON BILBAO VERDEJO BLANC"},"content":{"rendered":"<h3>D.O. RUEDA<\/h3>\n<p><strong style=\"font-size: 16px;\">MAGASIN<\/strong>: <span style=\"font-size: 16px;\">Ram\u00f3n Bilbao<\/span><\/p>\n<p><strong>C\u00c9PAGES<\/strong>: Verdejo<\/p>\n<p><strong>D\u00c9GUSTATION<\/strong>: Couleur jaune paille aux reflets verd\u00e2tres, aspect reconnaissable parmi les Verdejos classiques. Son nez est charg\u00e9 de notes d&rsquo;anis et d&rsquo;ar\u00f4mes de fruits de haute intensit\u00e9 (fruits blancs et agrumes). Les ar\u00f4mes herbac\u00e9s, comme le fenouil et le laurier, occupent \u00e9galement une bonne part de la sc\u00e8ne olfactive. En bouche, c&rsquo;est un vin frais et onctueux, avec un bon \u00e9quilibre entre corps et acidit\u00e9. Apr\u00e8s chaque gorg\u00e9e, les parfums de fruits frais, d&rsquo;herbes et de fleurs (lavande et jasmin) r\u00e9apparaissent. Finale longue, l\u00e9g\u00e8rement am\u00e8re et terriblement gastronomique.     <\/p>\n","protected":false},"excerpt":{"rendered":"<p>D.O. RUEDA MAGASIN: Ram\u00f3n Bilbao C\u00c9PAGES: Verdejo D\u00c9GUSTATION: Couleur jaune paille aux reflets verd\u00e2tres, aspect reconnaissable parmi les Verdejos classiques. Son nez est charg\u00e9 de notes d&rsquo;anis et d&rsquo;ar\u00f4mes de fruits de haute intensit\u00e9 (fruits blancs et agrumes). Les ar\u00f4mes herbac\u00e9s, comme le fenouil et le laurier, occupent \u00e9galement une bonne part de la sc\u00e8ne [&hellip;]<\/p>\n","protected":false},"featured_media":9900,"template":"","meta":[],"product_brand":[],"product_cat":[306],"product_tag":[],"class_list":{"0":"post-10376","1":"product","2":"type-product","3":"status-publish","4":"has-post-thumbnail","6":"product_cat-vins-et-cavas","8":"first","9":"instock","10":"taxable","11":"shipping-taxable","12":"purchasable","13":"product-type-simple"},"_links":{"self":[{"href":"https:\/\/moniberic.com\/fr\/wp-json\/wp\/v2\/product\/10376","targetHints":{"allow":["GET"]}}],"collection":[{"href":"https:\/\/moniberic.com\/fr\/wp-json\/wp\/v2\/product"}],"about":[{"href":"https:\/\/moniberic.com\/fr\/wp-json\/wp\/v2\/types\/product"}],"wp:featuredmedia":[{"embeddable":true,"href":"https:\/\/moniberic.com\/fr\/wp-json\/wp\/v2\/media\/9900"}],"wp:attachment":[{"href":"https:\/\/moniberic.com\/fr\/wp-json\/wp\/v2\/media?parent=10376"}],"wp:term":[{"taxonomy":"product_brand","embeddable":true,"href":"https:\/\/moniberic.com\/fr\/wp-json\/wp\/v2\/product_brand?post=10376"},{"taxonomy":"product_cat","embeddable":true,"href":"https:\/\/moniberic.com\/fr\/wp-json\/wp\/v2\/product_cat?post=10376"},{"taxonomy":"product_tag","embeddable":true,"href":"https:\/\/moniberic.com\/fr\/wp-json\/wp\/v2\/product_tag?post=10376"}],"curies":[{"name":"wp","href":"https:\/\/api.w.org\/{rel}","templated":true}]}}