{"id":10369,"date":"2025-03-27T11:41:49","date_gmt":"2025-03-27T10:41:49","guid":{"rendered":"https:\/\/moniberic.com\/producto\/sommos-chardonnay-blanc\/"},"modified":"2025-03-27T11:41:49","modified_gmt":"2025-03-27T10:41:49","slug":"sommos-chardonnay-blanc","status":"publish","type":"product","link":"https:\/\/moniberic.com\/fr\/produit\/sommos-chardonnay-blanc\/","title":{"rendered":"SOMMOS CHARDONNAY BLANC"},"content":{"rendered":"<h3>D.O. SOMONTANO<\/h3>\n<p><strong style=\"font-size: 16px;\">MAGASIN<\/strong><span style=\"font-size: 16px;\">: Sommos<\/span><\/p>\n<p><strong>C\u00c9PAGES<\/strong>: Chardonnay<\/p>\n<p><strong>D\u00c9GUSTATION<\/strong>: Jaune p\u00e2le aux reflets verd\u00e2tres et au bord p\u00e2le. Nez tr\u00e8s expressif et complexe. Il d\u00e9bute par des fruits tropicaux comme l&rsquo;ananas, suivis de notes plus miell\u00e9es ou sucr\u00e9es, pour finir par des notes vieillies rappelant des noix comme les noisettes ou les amandes grill\u00e9es. C&rsquo;est un vin rond, tr\u00e8s glyc\u00e9rique, qui remplit le palais de saveurs fruit\u00e9es et d&rsquo;un l\u00e9ger fond de ch\u00eane grill\u00e9 \u00e9voquant des notes de beurre et de p\u00e2tisseries.<\/p>\n","protected":false},"excerpt":{"rendered":"<p>D.O. SOMONTANO MAGASIN: Sommos C\u00c9PAGES: Chardonnay D\u00c9GUSTATION: Jaune p\u00e2le aux reflets verd\u00e2tres et au bord p\u00e2le. Nez tr\u00e8s expressif et complexe. Il d\u00e9bute par des fruits tropicaux comme l&rsquo;ananas, suivis de notes plus miell\u00e9es ou sucr\u00e9es, pour finir par des notes vieillies rappelant des noix comme les noisettes ou les amandes grill\u00e9es. C&rsquo;est un vin [&hellip;]<\/p>\n","protected":false},"featured_media":9913,"template":"","meta":[],"product_brand":[],"product_cat":[306],"product_tag":[],"class_list":{"0":"post-10369","1":"product","2":"type-product","3":"status-publish","4":"has-post-thumbnail","6":"product_cat-vins-et-cavas","8":"first","9":"instock","10":"taxable","11":"shipping-taxable","12":"purchasable","13":"product-type-simple"},"_links":{"self":[{"href":"https:\/\/moniberic.com\/fr\/wp-json\/wp\/v2\/product\/10369","targetHints":{"allow":["GET"]}}],"collection":[{"href":"https:\/\/moniberic.com\/fr\/wp-json\/wp\/v2\/product"}],"about":[{"href":"https:\/\/moniberic.com\/fr\/wp-json\/wp\/v2\/types\/product"}],"wp:featuredmedia":[{"embeddable":true,"href":"https:\/\/moniberic.com\/fr\/wp-json\/wp\/v2\/media\/9913"}],"wp:attachment":[{"href":"https:\/\/moniberic.com\/fr\/wp-json\/wp\/v2\/media?parent=10369"}],"wp:term":[{"taxonomy":"product_brand","embeddable":true,"href":"https:\/\/moniberic.com\/fr\/wp-json\/wp\/v2\/product_brand?post=10369"},{"taxonomy":"product_cat","embeddable":true,"href":"https:\/\/moniberic.com\/fr\/wp-json\/wp\/v2\/product_cat?post=10369"},{"taxonomy":"product_tag","embeddable":true,"href":"https:\/\/moniberic.com\/fr\/wp-json\/wp\/v2\/product_tag?post=10369"}],"curies":[{"name":"wp","href":"https:\/\/api.w.org\/{rel}","templated":true}]}}