{"id":10364,"date":"2025-03-27T11:44:33","date_gmt":"2025-03-27T10:44:33","guid":{"rendered":"https:\/\/moniberic.com\/producto\/5-fincas-rouge\/"},"modified":"2025-03-27T11:44:33","modified_gmt":"2025-03-27T10:44:33","slug":"5-fincas-rouge","status":"publish","type":"product","link":"https:\/\/moniberic.com\/fr\/produit\/5-fincas-rouge\/","title":{"rendered":"5 FINCAS ROUGE"},"content":{"rendered":"<h3>D.O. EMPORD\u00c0<\/h3>\n<p><strong style=\"font-size: 16px;\">MAGASIN<\/strong><span style=\"font-size: 16px;\">: Perelada<\/span><\/p>\n<p><strong>VARI\u00c9T\u00c9S<\/strong>: Merlot, Garnacha, Cabernet sauvignon, Syrah, Sams\u00f3<\/p>\n<p><strong>D\u00c9GUSTATION<\/strong>: D&rsquo;une couleur rouge cerise intense, l&rsquo;ar\u00f4me pr\u00e9sente des souvenirs de fruits rouges et d&rsquo;\u00e9pices, avec des notes balsamiques et un fond torr\u00e9fi\u00e9. En bouche, il est frais, structur\u00e9 et \u00e9quilibr\u00e9, avec des tanins pr\u00e9sents mais bien int\u00e9gr\u00e9s. C&rsquo;est un vin avec beaucoup de personnalit\u00e9 et une longue finale.  <\/p>\n","protected":false},"excerpt":{"rendered":"<p>D.O. EMPORD\u00c0 MAGASIN: Perelada VARI\u00c9T\u00c9S: Merlot, Garnacha, Cabernet sauvignon, Syrah, Sams\u00f3 D\u00c9GUSTATION: D&rsquo;une couleur rouge cerise intense, l&rsquo;ar\u00f4me pr\u00e9sente des souvenirs de fruits rouges et d&rsquo;\u00e9pices, avec des notes balsamiques et un fond torr\u00e9fi\u00e9. En bouche, il est frais, structur\u00e9 et \u00e9quilibr\u00e9, avec des tanins pr\u00e9sents mais bien int\u00e9gr\u00e9s. C&rsquo;est un vin avec beaucoup de [&hellip;]<\/p>\n","protected":false},"featured_media":9896,"template":"","meta":[],"product_brand":[],"product_cat":[306],"product_tag":[],"class_list":{"0":"post-10364","1":"product","2":"type-product","3":"status-publish","4":"has-post-thumbnail","6":"product_cat-vins-et-cavas","8":"first","9":"instock","10":"taxable","11":"shipping-taxable","12":"purchasable","13":"product-type-simple"},"_links":{"self":[{"href":"https:\/\/moniberic.com\/fr\/wp-json\/wp\/v2\/product\/10364","targetHints":{"allow":["GET"]}}],"collection":[{"href":"https:\/\/moniberic.com\/fr\/wp-json\/wp\/v2\/product"}],"about":[{"href":"https:\/\/moniberic.com\/fr\/wp-json\/wp\/v2\/types\/product"}],"wp:featuredmedia":[{"embeddable":true,"href":"https:\/\/moniberic.com\/fr\/wp-json\/wp\/v2\/media\/9896"}],"wp:attachment":[{"href":"https:\/\/moniberic.com\/fr\/wp-json\/wp\/v2\/media?parent=10364"}],"wp:term":[{"taxonomy":"product_brand","embeddable":true,"href":"https:\/\/moniberic.com\/fr\/wp-json\/wp\/v2\/product_brand?post=10364"},{"taxonomy":"product_cat","embeddable":true,"href":"https:\/\/moniberic.com\/fr\/wp-json\/wp\/v2\/product_cat?post=10364"},{"taxonomy":"product_tag","embeddable":true,"href":"https:\/\/moniberic.com\/fr\/wp-json\/wp\/v2\/product_tag?post=10364"}],"curies":[{"name":"wp","href":"https:\/\/api.w.org\/{rel}","templated":true}]}}