{"id":10359,"date":"2025-03-27T11:49:24","date_gmt":"2025-03-27T10:49:24","guid":{"rendered":"https:\/\/moniberic.com\/producto\/atalayas-de-golban-celestina-rouge\/"},"modified":"2025-03-27T11:49:24","modified_gmt":"2025-03-27T10:49:24","slug":"atalayas-de-golban-celestina-rouge","status":"publish","type":"product","link":"https:\/\/moniberic.com\/fr\/produit\/atalayas-de-golban-celestina-rouge\/","title":{"rendered":"ATALAYAS DE GOLBAN CELESTINA ROUGE"},"content":{"rendered":"<h3>D.O. RIBERA DEL DUERO<\/h3>\n<p><strong style=\"font-size: 16px;\">MAGASIN<\/strong><span style=\"font-size: 16px;\">: Atalayas de Golb\u00e1n<\/span><\/p>\n<p><strong>VARI\u00c9T\u00c9S<\/strong>: Tempranillo<\/p>\n<p><strong>D\u00c9GUSTATION<\/strong>: En bouche c&rsquo;est un vin \u00e9quilibr\u00e9, avec des ar\u00f4mes rappelant les fruits et la r\u00e9glisse et m\u00eame des notes de cacao. Le bois laisse en bouche un go\u00fbt final complexe et profond, rendant ce vin saisissant pour quiconque l&rsquo;appr\u00e9cie.<\/p>\n","protected":false},"excerpt":{"rendered":"<p>D.O. RIBERA DEL DUERO MAGASIN: Atalayas de Golb\u00e1n VARI\u00c9T\u00c9S: Tempranillo D\u00c9GUSTATION: En bouche c&rsquo;est un vin \u00e9quilibr\u00e9, avec des ar\u00f4mes rappelant les fruits et la r\u00e9glisse et m\u00eame des notes de cacao. Le bois laisse en bouche un go\u00fbt final complexe et profond, rendant ce vin saisissant pour quiconque l&rsquo;appr\u00e9cie.<\/p>\n","protected":false},"featured_media":9793,"template":"","meta":[],"product_brand":[],"product_cat":[306],"product_tag":[],"class_list":{"0":"post-10359","1":"product","2":"type-product","3":"status-publish","4":"has-post-thumbnail","6":"product_cat-vins-et-cavas","8":"first","9":"instock","10":"taxable","11":"shipping-taxable","12":"purchasable","13":"product-type-simple"},"_links":{"self":[{"href":"https:\/\/moniberic.com\/fr\/wp-json\/wp\/v2\/product\/10359","targetHints":{"allow":["GET"]}}],"collection":[{"href":"https:\/\/moniberic.com\/fr\/wp-json\/wp\/v2\/product"}],"about":[{"href":"https:\/\/moniberic.com\/fr\/wp-json\/wp\/v2\/types\/product"}],"wp:featuredmedia":[{"embeddable":true,"href":"https:\/\/moniberic.com\/fr\/wp-json\/wp\/v2\/media\/9793"}],"wp:attachment":[{"href":"https:\/\/moniberic.com\/fr\/wp-json\/wp\/v2\/media?parent=10359"}],"wp:term":[{"taxonomy":"product_brand","embeddable":true,"href":"https:\/\/moniberic.com\/fr\/wp-json\/wp\/v2\/product_brand?post=10359"},{"taxonomy":"product_cat","embeddable":true,"href":"https:\/\/moniberic.com\/fr\/wp-json\/wp\/v2\/product_cat?post=10359"},{"taxonomy":"product_tag","embeddable":true,"href":"https:\/\/moniberic.com\/fr\/wp-json\/wp\/v2\/product_tag?post=10359"}],"curies":[{"name":"wp","href":"https:\/\/api.w.org\/{rel}","templated":true}]}}