{"id":10353,"date":"2025-03-27T11:49:28","date_gmt":"2025-03-27T10:49:28","guid":{"rendered":"https:\/\/moniberic.com\/producto\/cenit-rouge\/"},"modified":"2025-03-27T11:49:28","modified_gmt":"2025-03-27T10:49:28","slug":"cenit-rouge","status":"publish","type":"product","link":"https:\/\/moniberic.com\/fr\/produit\/cenit-rouge\/","title":{"rendered":"CENIT ROUGE"},"content":{"rendered":"<h3>D.O. TIERRA DEL VINO DE ZAMORA<\/h3>\n<p><strong style=\"font-size: 16px;\">MAGASIN<\/strong><span style=\"font-size: 16px;\">: Cenit<\/span><\/p>\n<p><strong>VARI\u00c9T\u00c9S<\/strong>: Tempranillo<\/p>\n<p><strong>D\u00c9GUSTATION<\/strong>: Vin intense, \u00e9l\u00e9gant et complexe. Il se d\u00e9veloppe et \u00e9volue \u00e0 mesure qu&rsquo;il s&rsquo;oxyg\u00e9ne, montrant des nuances infinies. Notes \u00e9pic\u00e9es et balsamiques associ\u00e9es \u00e0 des fruits rouges et noirs. \u00c9quilibre parfait en bouche et grande complexit\u00e9. Il montre l&rsquo;\u00e9l\u00e9gance et la puissance du c\u00e9page Tempranillo.<\/p>\n","protected":false},"excerpt":{"rendered":"<p>D.O. TIERRA DEL VINO DE ZAMORA MAGASIN: Cenit VARI\u00c9T\u00c9S: Tempranillo D\u00c9GUSTATION: Vin intense, \u00e9l\u00e9gant et complexe. Il se d\u00e9veloppe et \u00e9volue \u00e0 mesure qu&rsquo;il s&rsquo;oxyg\u00e9ne, montrant des nuances infinies. Notes \u00e9pic\u00e9es et balsamiques associ\u00e9es \u00e0 des fruits rouges et noirs. \u00c9quilibre parfait en bouche et grande complexit\u00e9. Il montre l&rsquo;\u00e9l\u00e9gance et la puissance du c\u00e9page [&hellip;]<\/p>\n","protected":false},"featured_media":9798,"template":"","meta":[],"product_brand":[],"product_cat":[306],"product_tag":[],"class_list":{"0":"post-10353","1":"product","2":"type-product","3":"status-publish","4":"has-post-thumbnail","6":"product_cat-vins-et-cavas","8":"first","9":"instock","10":"taxable","11":"shipping-taxable","12":"purchasable","13":"product-type-simple"},"_links":{"self":[{"href":"https:\/\/moniberic.com\/fr\/wp-json\/wp\/v2\/product\/10353","targetHints":{"allow":["GET"]}}],"collection":[{"href":"https:\/\/moniberic.com\/fr\/wp-json\/wp\/v2\/product"}],"about":[{"href":"https:\/\/moniberic.com\/fr\/wp-json\/wp\/v2\/types\/product"}],"wp:featuredmedia":[{"embeddable":true,"href":"https:\/\/moniberic.com\/fr\/wp-json\/wp\/v2\/media\/9798"}],"wp:attachment":[{"href":"https:\/\/moniberic.com\/fr\/wp-json\/wp\/v2\/media?parent=10353"}],"wp:term":[{"taxonomy":"product_brand","embeddable":true,"href":"https:\/\/moniberic.com\/fr\/wp-json\/wp\/v2\/product_brand?post=10353"},{"taxonomy":"product_cat","embeddable":true,"href":"https:\/\/moniberic.com\/fr\/wp-json\/wp\/v2\/product_cat?post=10353"},{"taxonomy":"product_tag","embeddable":true,"href":"https:\/\/moniberic.com\/fr\/wp-json\/wp\/v2\/product_tag?post=10353"}],"curies":[{"name":"wp","href":"https:\/\/api.w.org\/{rel}","templated":true}]}}