{"id":10347,"date":"2025-03-27T11:53:32","date_gmt":"2025-03-27T10:53:32","guid":{"rendered":"https:\/\/moniberic.com\/producto\/ebano-6-rouge\/"},"modified":"2025-03-27T11:53:32","modified_gmt":"2025-03-27T10:53:32","slug":"ebano-6-rouge","status":"publish","type":"product","link":"https:\/\/moniberic.com\/fr\/produit\/ebano-6-rouge\/","title":{"rendered":"EBANO 6 ROUGE"},"content":{"rendered":"<h3>D.O. RIBERA DEL DUERO<\/h3>\n<p><strong style=\"font-size: 16px;\">MAGASIN<\/strong><span style=\"font-size: 16px;\">: \u00c9bano<\/span><\/p>\n<p><strong>VARI\u00c9T\u00c9S<\/strong>: Tempranillo<\/p>\n<p><strong>D\u00c9GUSTATION<\/strong>: Robe rouge pourpre intense avec des reflets violets. Au nez, il pr\u00e9sente des ar\u00f4mes de confiture de fraise et de m\u00fbre sauvage, de groseille, de myrtille et de r\u00e9glisse. Accompagn\u00e9 de touches \u00e9pic\u00e9es d&rsquo;aneth, de poivre noir et de cannelle. Balsamique, vanille, note menthol\u00e9e fra\u00eeche et douce, cacao grill\u00e9 et caramel. Notes de fruits m\u00fbrs, de compotes et de cerise. Bouche \u00e9norme, avec des tanins m\u00fbrs et enveloppants et une bonne onctuosit\u00e9. Bien structur\u00e9, puissant, harmonieux et chaleureux, glyc\u00e9rique, long\u2026<\/p>\n","protected":false},"excerpt":{"rendered":"<p>D.O. RIBERA DEL DUERO MAGASIN: \u00c9bano VARI\u00c9T\u00c9S: Tempranillo D\u00c9GUSTATION: Robe rouge pourpre intense avec des reflets violets. Au nez, il pr\u00e9sente des ar\u00f4mes de confiture de fraise et de m\u00fbre sauvage, de groseille, de myrtille et de r\u00e9glisse. Accompagn\u00e9 de touches \u00e9pic\u00e9es d&rsquo;aneth, de poivre noir et de cannelle. Balsamique, vanille, note menthol\u00e9e fra\u00eeche et [&hellip;]<\/p>\n","protected":false},"featured_media":9804,"template":"","meta":[],"product_brand":[],"product_cat":[306],"product_tag":[],"class_list":{"0":"post-10347","1":"product","2":"type-product","3":"status-publish","4":"has-post-thumbnail","6":"product_cat-vins-et-cavas","8":"first","9":"instock","10":"taxable","11":"shipping-taxable","12":"purchasable","13":"product-type-simple"},"_links":{"self":[{"href":"https:\/\/moniberic.com\/fr\/wp-json\/wp\/v2\/product\/10347","targetHints":{"allow":["GET"]}}],"collection":[{"href":"https:\/\/moniberic.com\/fr\/wp-json\/wp\/v2\/product"}],"about":[{"href":"https:\/\/moniberic.com\/fr\/wp-json\/wp\/v2\/types\/product"}],"wp:featuredmedia":[{"embeddable":true,"href":"https:\/\/moniberic.com\/fr\/wp-json\/wp\/v2\/media\/9804"}],"wp:attachment":[{"href":"https:\/\/moniberic.com\/fr\/wp-json\/wp\/v2\/media?parent=10347"}],"wp:term":[{"taxonomy":"product_brand","embeddable":true,"href":"https:\/\/moniberic.com\/fr\/wp-json\/wp\/v2\/product_brand?post=10347"},{"taxonomy":"product_cat","embeddable":true,"href":"https:\/\/moniberic.com\/fr\/wp-json\/wp\/v2\/product_cat?post=10347"},{"taxonomy":"product_tag","embeddable":true,"href":"https:\/\/moniberic.com\/fr\/wp-json\/wp\/v2\/product_tag?post=10347"}],"curies":[{"name":"wp","href":"https:\/\/api.w.org\/{rel}","templated":true}]}}