{"id":10341,"date":"2025-03-27T12:01:08","date_gmt":"2025-03-27T11:01:08","guid":{"rendered":"https:\/\/moniberic.com\/producto\/finca-el-ribazo-rouge\/"},"modified":"2025-03-27T12:01:08","modified_gmt":"2025-03-27T11:01:08","slug":"finca-el-ribazo-rouge","status":"publish","type":"product","link":"https:\/\/moniberic.com\/fr\/produit\/finca-el-ribazo-rouge\/","title":{"rendered":"FINCA EL RIBAZO ROUGE"},"content":{"rendered":"<h3>D.O. LA RIOJA<\/h3>\n<p><strong style=\"font-size: 16px;\">MAGASIN<\/strong><span style=\"font-size: 16px;\">: Vi\u00f1edos y bodegas de la Marquesa<\/span><\/p>\n<p><strong>VARI\u00c9T\u00c9S<\/strong>: Tempranillo<\/p>\n<p><strong>D\u00c9GUSTATION<\/strong>: Robe rouge cerise intense. Ar\u00f4me de fruits rouges et noirs. Intense avec des nuances d&rsquo;\u00e9pices douces et de noix. Saveur cr\u00e9meuse, puissante et ample. Fruits m\u00fbrs et tannins puissants et velout\u00e9s. Balsamique et onctueux.     <\/p>\n","protected":false},"excerpt":{"rendered":"<p>D.O. LA RIOJA MAGASIN: Vi\u00f1edos y bodegas de la Marquesa VARI\u00c9T\u00c9S: Tempranillo D\u00c9GUSTATION: Robe rouge cerise intense. Ar\u00f4me de fruits rouges et noirs. Intense avec des nuances d&rsquo;\u00e9pices douces et de noix. Saveur cr\u00e9meuse, puissante et ample. Fruits m\u00fbrs et tannins puissants et velout\u00e9s. Balsamique et onctueux.<\/p>\n","protected":false},"featured_media":9810,"template":"","meta":[],"product_brand":[],"product_cat":[306],"product_tag":[],"class_list":{"0":"post-10341","1":"product","2":"type-product","3":"status-publish","4":"has-post-thumbnail","6":"product_cat-vins-et-cavas","8":"first","9":"instock","10":"taxable","11":"shipping-taxable","12":"purchasable","13":"product-type-simple"},"_links":{"self":[{"href":"https:\/\/moniberic.com\/fr\/wp-json\/wp\/v2\/product\/10341","targetHints":{"allow":["GET"]}}],"collection":[{"href":"https:\/\/moniberic.com\/fr\/wp-json\/wp\/v2\/product"}],"about":[{"href":"https:\/\/moniberic.com\/fr\/wp-json\/wp\/v2\/types\/product"}],"wp:featuredmedia":[{"embeddable":true,"href":"https:\/\/moniberic.com\/fr\/wp-json\/wp\/v2\/media\/9810"}],"wp:attachment":[{"href":"https:\/\/moniberic.com\/fr\/wp-json\/wp\/v2\/media?parent=10341"}],"wp:term":[{"taxonomy":"product_brand","embeddable":true,"href":"https:\/\/moniberic.com\/fr\/wp-json\/wp\/v2\/product_brand?post=10341"},{"taxonomy":"product_cat","embeddable":true,"href":"https:\/\/moniberic.com\/fr\/wp-json\/wp\/v2\/product_cat?post=10341"},{"taxonomy":"product_tag","embeddable":true,"href":"https:\/\/moniberic.com\/fr\/wp-json\/wp\/v2\/product_tag?post=10341"}],"curies":[{"name":"wp","href":"https:\/\/api.w.org\/{rel}","templated":true}]}}