{"id":10335,"date":"2025-03-27T12:01:54","date_gmt":"2025-03-27T11:01:54","guid":{"rendered":"https:\/\/moniberic.com\/producto\/luis-canas-crianza\/"},"modified":"2025-03-27T12:01:54","modified_gmt":"2025-03-27T11:01:54","slug":"luis-canas-crianza","status":"publish","type":"product","link":"https:\/\/moniberic.com\/fr\/produit\/luis-canas-crianza\/","title":{"rendered":"LUIS CA\u00d1AS CRIANZA"},"content":{"rendered":"<h3>D.O.CA RIOJA<\/h3>\n<p><strong style=\"font-size: 16px;\">MAGASIN<\/strong><span style=\"font-size: 16px;\">: Luis Ca\u00f1as<\/span><\/p>\n<p><strong>VARI\u00c9T\u00c9S<\/strong>: Tempranillo, avec un petit pourcentage d&rsquo;autres vari\u00e9t\u00e9s traditionnelles : Garnacha, Graciano, Mazuelo, Viura et Rojal.<\/p>\n<p><strong>D\u00c9GUSTATION<\/strong>: Couleur rouge cerise. C&rsquo;est app\u00e9tissant au nez. Ses notes de fruits rouges infus\u00e9s ressortent : fraises, framboises, groseilles&#8230; Un fruit intense, accompagn\u00e9 d&rsquo;\u00e9pices subtiles et d&rsquo;un fond lact\u00e9. L&rsquo;entr\u00e9e est douce et enveloppante. Bonne bouche, avec beaucoup de fra\u00eecheur et des sensations fruit\u00e9es qui ne perdent jamais en intensit\u00e9. L&rsquo;extr\u00e9mit\u00e9 est ronde.     <\/p>\n","protected":false},"excerpt":{"rendered":"<p>D.O.CA RIOJA MAGASIN: Luis Ca\u00f1as VARI\u00c9T\u00c9S: Tempranillo, avec un petit pourcentage d&rsquo;autres vari\u00e9t\u00e9s traditionnelles : Garnacha, Graciano, Mazuelo, Viura et Rojal. D\u00c9GUSTATION: Couleur rouge cerise. C&rsquo;est app\u00e9tissant au nez. Ses notes de fruits rouges infus\u00e9s ressortent : fraises, framboises, groseilles&#8230; Un fruit intense, accompagn\u00e9 d&rsquo;\u00e9pices subtiles et d&rsquo;un fond lact\u00e9. L&rsquo;entr\u00e9e est douce et enveloppante. [&hellip;]<\/p>\n","protected":false},"featured_media":9816,"template":"","meta":[],"product_brand":[],"product_cat":[306],"product_tag":[],"class_list":{"0":"post-10335","1":"product","2":"type-product","3":"status-publish","4":"has-post-thumbnail","6":"product_cat-vins-et-cavas","8":"first","9":"instock","10":"taxable","11":"shipping-taxable","12":"purchasable","13":"product-type-simple"},"_links":{"self":[{"href":"https:\/\/moniberic.com\/fr\/wp-json\/wp\/v2\/product\/10335","targetHints":{"allow":["GET"]}}],"collection":[{"href":"https:\/\/moniberic.com\/fr\/wp-json\/wp\/v2\/product"}],"about":[{"href":"https:\/\/moniberic.com\/fr\/wp-json\/wp\/v2\/types\/product"}],"wp:featuredmedia":[{"embeddable":true,"href":"https:\/\/moniberic.com\/fr\/wp-json\/wp\/v2\/media\/9816"}],"wp:attachment":[{"href":"https:\/\/moniberic.com\/fr\/wp-json\/wp\/v2\/media?parent=10335"}],"wp:term":[{"taxonomy":"product_brand","embeddable":true,"href":"https:\/\/moniberic.com\/fr\/wp-json\/wp\/v2\/product_brand?post=10335"},{"taxonomy":"product_cat","embeddable":true,"href":"https:\/\/moniberic.com\/fr\/wp-json\/wp\/v2\/product_cat?post=10335"},{"taxonomy":"product_tag","embeddable":true,"href":"https:\/\/moniberic.com\/fr\/wp-json\/wp\/v2\/product_tag?post=10335"}],"curies":[{"name":"wp","href":"https:\/\/api.w.org\/{rel}","templated":true}]}}