{"id":10330,"date":"2025-03-27T12:04:04","date_gmt":"2025-03-27T11:04:04","guid":{"rendered":"https:\/\/moniberic.com\/producto\/marquesa-mg-rouge\/"},"modified":"2025-03-27T12:04:04","modified_gmt":"2025-03-27T11:04:04","slug":"marquesa-mg-rouge","status":"publish","type":"product","link":"https:\/\/moniberic.com\/fr\/produit\/marquesa-mg-rouge\/","title":{"rendered":"MARQUESA MG ROUGE"},"content":{"rendered":"<h3>D.O.CA RIOJA<\/h3>\n<p><strong style=\"font-size: 16px;\">MAGASIN<\/strong>: <span style=\"font-size: 16px;\">Vignobles et caves de la Marquesa Valserrano<\/span><\/p>\n<p><strong>VARI\u00c9T\u00c9S<\/strong>: Tempranillo<\/p>\n<p><strong>D\u00c9GUSTATION<\/strong>: Robe rouge cerise, nette et brillante. Nuances de fruits frais, groseilles, myrtilles. En faisant tourner le verre, des notes d&rsquo;\u00e9pices, de tabac \u00e0 pipe et de nuances lactiques \u00e9mergent. En bouche, l&rsquo;attaque est enveloppante de fra\u00eecheur. En bouche, des tanins l\u00e9gers et \u00e9nergiques et des saveurs fruit\u00e9es, des herbes comme la coriandre, et des tons lactiques, comme la cr\u00e8me p\u00e2tissi\u00e8re. Long et savoureux en bouche.     <\/p>\n","protected":false},"excerpt":{"rendered":"<p>D.O.CA RIOJA MAGASIN: Vignobles et caves de la Marquesa Valserrano VARI\u00c9T\u00c9S: Tempranillo D\u00c9GUSTATION: Robe rouge cerise, nette et brillante. Nuances de fruits frais, groseilles, myrtilles. En faisant tourner le verre, des notes d&rsquo;\u00e9pices, de tabac \u00e0 pipe et de nuances lactiques \u00e9mergent. En bouche, l&rsquo;attaque est enveloppante de fra\u00eecheur. En bouche, des tanins l\u00e9gers et [&hellip;]<\/p>\n","protected":false},"featured_media":9822,"template":"","meta":[],"product_brand":[],"product_cat":[306],"product_tag":[],"class_list":{"0":"post-10330","1":"product","2":"type-product","3":"status-publish","4":"has-post-thumbnail","6":"product_cat-vins-et-cavas","8":"first","9":"instock","10":"taxable","11":"shipping-taxable","12":"purchasable","13":"product-type-simple"},"_links":{"self":[{"href":"https:\/\/moniberic.com\/fr\/wp-json\/wp\/v2\/product\/10330","targetHints":{"allow":["GET"]}}],"collection":[{"href":"https:\/\/moniberic.com\/fr\/wp-json\/wp\/v2\/product"}],"about":[{"href":"https:\/\/moniberic.com\/fr\/wp-json\/wp\/v2\/types\/product"}],"wp:featuredmedia":[{"embeddable":true,"href":"https:\/\/moniberic.com\/fr\/wp-json\/wp\/v2\/media\/9822"}],"wp:attachment":[{"href":"https:\/\/moniberic.com\/fr\/wp-json\/wp\/v2\/media?parent=10330"}],"wp:term":[{"taxonomy":"product_brand","embeddable":true,"href":"https:\/\/moniberic.com\/fr\/wp-json\/wp\/v2\/product_brand?post=10330"},{"taxonomy":"product_cat","embeddable":true,"href":"https:\/\/moniberic.com\/fr\/wp-json\/wp\/v2\/product_cat?post=10330"},{"taxonomy":"product_tag","embeddable":true,"href":"https:\/\/moniberic.com\/fr\/wp-json\/wp\/v2\/product_tag?post=10330"}],"curies":[{"name":"wp","href":"https:\/\/api.w.org\/{rel}","templated":true}]}}